{"id":5,"date":"2018-11-27T09:17:08","date_gmt":"2018-11-27T09:17:08","guid":{"rendered":"https:\/\/styrotop.com\/about\/"},"modified":"2024-02-28T23:37:56","modified_gmt":"2024-02-28T22:37:56","slug":"about","status":"publish","type":"page","link":"https:\/\/styrotop.com\/de\/about\/","title":{"rendered":"About"},"content":{"rendered":"<div data-elementor-type=\"wp-post\" data-elementor-id=\"5\" class=\"elementor elementor-5\">\n\t\t\t\t<div class=\"elementor-element elementor-element-5f02ddf e-flex e-con-boxed e-con e-parent\" data-id=\"5f02ddf\" data-element_type=\"container\" data-settings=\"{&quot;background_background&quot;:&quot;classic&quot;}\">\n\t\t\t\t\t<div class=\"e-con-inner\">\n\t\t<div class=\"elementor-element elementor-element-0502d81 e-con-full e-flex e-con e-child\" data-id=\"0502d81\" data-element_type=\"container\">\n\t\t\t\t<div class=\"elementor-element elementor-element-03d202b elementor-widget elementor-widget-heading\" data-id=\"03d202b\" data-element_type=\"widget\" data-widget_type=\"heading.default\">\n\t\t\t\t<div class=\"elementor-widget-container\">\n\t\t\t\t\t<h1 class=\"elementor-heading-title elementor-size-default\">UNSERE VISION<\/h1>\t\t\t\t<\/div>\n\t\t\t\t<\/div>\n\t\t\t\t<\/div>\n\t\t\t\t\t<\/div>\n\t\t\t\t<\/div>\n\t\t<div class=\"elementor-element elementor-element-ce23579 e-flex e-con-boxed e-con e-parent\" data-id=\"ce23579\" data-element_type=\"container\">\n\t\t\t\t\t<div class=\"e-con-inner\">\n\t\t<div class=\"elementor-element elementor-element-89a7aec e-con-full e-flex e-con e-child\" data-id=\"89a7aec\" data-element_type=\"container\">\n\t\t\t\t<div class=\"elementor-element elementor-element-a01f0dc elementor-widget elementor-widget-heading\" data-id=\"a01f0dc\" data-element_type=\"widget\" data-widget_type=\"heading.default\">\n\t\t\t\t<div class=\"elementor-widget-container\">\n\t\t\t\t\t<h2 class=\"elementor-heading-title elementor-size-default\">\u00dcBER STYROTOP<\/h2>\t\t\t\t<\/div>\n\t\t\t\t<\/div>\n\t\t\t\t<div class=\"elementor-element elementor-element-c43b3dd elementor-widget-divider--view-line elementor-widget elementor-widget-divider\" data-id=\"c43b3dd\" data-element_type=\"widget\" data-widget_type=\"divider.default\">\n\t\t\t\t<div class=\"elementor-widget-container\">\n\t\t\t\t\t\t\t<div class=\"elementor-divider\">\n\t\t\t<span class=\"elementor-divider-separator\">\n\t\t\t\t\t\t<\/span>\n\t\t<\/div>\n\t\t\t\t\t\t<\/div>\n\t\t\t\t<\/div>\n\t\t\t\t<div class=\"elementor-element elementor-element-e871351 elementor-widget elementor-widget-text-editor\" data-id=\"e871351\" data-element_type=\"widget\" data-widget_type=\"text-editor.default\">\n\t\t\t\t<div class=\"elementor-widget-container\">\n\t\t\t\t\t\t\t\t\t<p>Wir sind ein Entwicklungsunternehmen auf dem Gebiet der manuellen Schneidemaschinen f\u00fcr l\u00f6sliche Materialien. Unser Ziel ist es, dass unsere Schneidemaschinen zu einem wichtigen Werkzeug f\u00fcr alle Gipser und andere Benutzer beim Schneiden von Polystyrol, extrudiertem Polystyrol und anderen l\u00f6slichen Materialien weltweit werden.<\/p>\t\t\t\t\t\t\t\t<\/div>\n\t\t\t\t<\/div>\n\t\t\t\t<div class=\"elementor-element elementor-element-0244f25 elementor-widget elementor-widget-text-editor\" data-id=\"0244f25\" data-element_type=\"widget\" data-widget_type=\"text-editor.default\">\n\t\t\t\t<div class=\"elementor-widget-container\">\n\t\t\t\t\t\t\t\t\t<p>Wir streben danach, die Produktivit\u00e4t, Effizienz und Genauigkeit bei der Arbeit unserer Benutzer zu erh\u00f6hen. Mit unseren Werkzeugen und L\u00f6sungen m\u00f6chten wir ihren Arbeitsablauf vereinfachen und die Kosten senken.\u00a0<span style=\"font-style: inherit; font-weight: inherit; text-align: var(--text-align); background-color: var(--ast-global-color-4); color: var(--ast-global-color-3);\">orodjem in re\u0161itvami jim \u017eelimo poenostaviti potek dela in zmanj\u0161ati stro\u0161ke.<\/span><\/p>\t\t\t\t\t\t\t\t<\/div>\n\t\t\t\t<\/div>\n\t\t\t\t<\/div>\n\t\t<div class=\"elementor-element elementor-element-e8e4600 e-con-full e-flex e-con e-child\" data-id=\"e8e4600\" data-element_type=\"container\">\n\t\t\t\t<div class=\"elementor-element elementor-element-0a1729b elementor-widget elementor-widget-image\" data-id=\"0a1729b\" data-element_type=\"widget\" data-widget_type=\"image.default\">\n\t\t\t\t<div class=\"elementor-widget-container\">\n\t\t\t\t\t\t\t\t\t\t\t\t\t\t\t<img fetchpriority=\"high\" decoding=\"async\" width=\"770\" height=\"440\" src=\"https:\/\/styrotop.com\/wp-content\/uploads\/2022\/06\/styro-foam-cooter-min-scaled-770x440.jpg\" class=\"attachment-large size-large wp-image-8908\" alt=\"Elektri\u010dni rezalnik za stiropor in stirodur - Styrotop\" \/>\t\t\t\t\t\t\t\t\t\t\t\t\t\t\t<\/div>\n\t\t\t\t<\/div>\n\t\t\t\t<\/div>\n\t\t\t\t\t<\/div>\n\t\t\t\t<\/div>\n\t\t<div class=\"elementor-element elementor-element-8195a0d e-flex e-con-boxed e-con e-parent\" data-id=\"8195a0d\" data-element_type=\"container\">\n\t\t\t\t\t<div class=\"e-con-inner\">\n\t\t<div class=\"elementor-element elementor-element-c48d12f e-con-full e-flex e-con e-child\" data-id=\"c48d12f\" data-element_type=\"container\">\n\t\t\t\t<div class=\"elementor-element elementor-element-491f841 elementor-widget elementor-widget-heading\" data-id=\"491f841\" data-element_type=\"widget\" data-widget_type=\"heading.default\">\n\t\t\t\t<div class=\"elementor-widget-container\">\n\t\t\t\t\t<h4 class=\"elementor-heading-title elementor-size-default\">Unsere Vision<\/h4>\t\t\t\t<\/div>\n\t\t\t\t<\/div>\n\t\t\t\t<div class=\"elementor-element elementor-element-7beb61e elementor-widget-divider--view-line elementor-widget elementor-widget-divider\" data-id=\"7beb61e\" data-element_type=\"widget\" data-widget_type=\"divider.default\">\n\t\t\t\t<div class=\"elementor-widget-container\">\n\t\t\t\t\t\t\t<div class=\"elementor-divider\">\n\t\t\t<span class=\"elementor-divider-separator\">\n\t\t\t\t\t\t<\/span>\n\t\t<\/div>\n\t\t\t\t\t\t<\/div>\n\t\t\t\t<\/div>\n\t\t\t\t<div class=\"elementor-element elementor-element-c5cd51e elementor-widget elementor-widget-text-editor\" data-id=\"c5cd51e\" data-element_type=\"widget\" data-widget_type=\"text-editor.default\">\n\t\t\t\t<div class=\"elementor-widget-container\">\n\t\t\t\t\t\t\t\t\t<p>Unsere Vision ist eine enge Zusammenarbeit mit dem Benutzer und das Verst\u00e4ndnis seiner Bed\u00fcrfnisse, um flexible L\u00f6sungen zu entwickeln, die seinen Erwartungen entsprechen.<\/p>\t\t\t\t\t\t\t\t<\/div>\n\t\t\t\t<\/div>\n\t\t\t\t<\/div>\n\t\t<div class=\"elementor-element elementor-element-d47d4cd e-con-full e-flex e-con e-child\" data-id=\"d47d4cd\" data-element_type=\"container\">\n\t\t\t\t<div class=\"elementor-element elementor-element-bf795e2 elementor-widget elementor-widget-heading\" data-id=\"bf795e2\" data-element_type=\"widget\" data-widget_type=\"heading.default\">\n\t\t\t\t<div class=\"elementor-widget-container\">\n\t\t\t\t\t<h4 class=\"elementor-heading-title elementor-size-default\">Unsere Werte<\/h4>\t\t\t\t<\/div>\n\t\t\t\t<\/div>\n\t\t\t\t<div class=\"elementor-element elementor-element-ae16dd8 elementor-widget-divider--view-line elementor-widget elementor-widget-divider\" data-id=\"ae16dd8\" data-element_type=\"widget\" data-widget_type=\"divider.default\">\n\t\t\t\t<div class=\"elementor-widget-container\">\n\t\t\t\t\t\t\t<div class=\"elementor-divider\">\n\t\t\t<span class=\"elementor-divider-separator\">\n\t\t\t\t\t\t<\/span>\n\t\t<\/div>\n\t\t\t\t\t\t<\/div>\n\t\t\t\t<\/div>\n\t\t\t\t<div class=\"elementor-element elementor-element-0179544 elementor-icon-list--layout-traditional elementor-list-item-link-full_width elementor-widget elementor-widget-icon-list\" data-id=\"0179544\" data-element_type=\"widget\" data-widget_type=\"icon-list.default\">\n\t\t\t\t<div class=\"elementor-widget-container\">\n\t\t\t\t\t\t\t<ul class=\"elementor-icon-list-items\">\n\t\t\t\t\t\t\t<li class=\"elementor-icon-list-item\">\n\t\t\t\t\t\t\t\t\t\t\t<span class=\"elementor-icon-list-icon\">\n\t\t\t\t\t\t\t<i aria-hidden=\"true\" class=\"fas fa-minus\"><\/i>\t\t\t\t\t\t<\/span>\n\t\t\t\t\t\t\t\t\t\t<span class=\"elementor-icon-list-text\">Qualit\u00e4t<\/span>\n\t\t\t\t\t\t\t\t\t<\/li>\n\t\t\t\t\t\t\t\t<li class=\"elementor-icon-list-item\">\n\t\t\t\t\t\t\t\t\t\t\t<span class=\"elementor-icon-list-icon\">\n\t\t\t\t\t\t\t<i aria-hidden=\"true\" class=\"fas fa-minus\"><\/i>\t\t\t\t\t\t<\/span>\n\t\t\t\t\t\t\t\t\t\t<span class=\"elementor-icon-list-text\">Zuverl\u00e4ssigkeit<\/span>\n\t\t\t\t\t\t\t\t\t<\/li>\n\t\t\t\t\t\t\t\t<li class=\"elementor-icon-list-item\">\n\t\t\t\t\t\t\t\t\t\t\t<span class=\"elementor-icon-list-icon\">\n\t\t\t\t\t\t\t<i aria-hidden=\"true\" class=\"fas fa-minus\"><\/i>\t\t\t\t\t\t<\/span>\n\t\t\t\t\t\t\t\t\t\t<span class=\"elementor-icon-list-text\">Innovation<\/span>\n\t\t\t\t\t\t\t\t\t<\/li>\n\t\t\t\t\t\t\t\t<li class=\"elementor-icon-list-item\">\n\t\t\t\t\t\t\t\t\t\t\t<span class=\"elementor-icon-list-icon\">\n\t\t\t\t\t\t\t<i aria-hidden=\"true\" class=\"fas fa-minus\"><\/i>\t\t\t\t\t\t<\/span>\n\t\t\t\t\t\t\t\t\t\t<span class=\"elementor-icon-list-text\">Leidenschaft<\/span>\n\t\t\t\t\t\t\t\t\t<\/li>\n\t\t\t\t\t\t\t\t<li class=\"elementor-icon-list-item\">\n\t\t\t\t\t\t\t\t\t\t\t<span class=\"elementor-icon-list-icon\">\n\t\t\t\t\t\t\t<i aria-hidden=\"true\" class=\"fas fa-minus\"><\/i>\t\t\t\t\t\t<\/span>\n\t\t\t\t\t\t\t\t\t\t<span class=\"elementor-icon-list-text\">Nachhaltigkeit<\/span>\n\t\t\t\t\t\t\t\t\t<\/li>\n\t\t\t\t\t\t<\/ul>\n\t\t\t\t\t\t<\/div>\n\t\t\t\t<\/div>\n\t\t\t\t<\/div>\n\t\t\t\t\t<\/div>\n\t\t\t\t<\/div>\n\t\t\t\t<\/div>","protected":false},"excerpt":{"rendered":"<p>NA\u0160A VIZIJA O STYROTOP Smo razvojno podjetje na podro\u010dju ro\u010dnih rezalnikov za rezanje topljivih materialov . \u017delimo si, da na\u0161i rezalniki postanejo klju\u010dno orodje vsem fasaderjem in drugim uporabnikom pri rezanju stiroporja, stirodurja in drugih topljivih materialov po vsem svetu. Uporabnikom \u017eelimo pove\u010dati produktivnost, u\u010dinkovitost in natan\u010dnost pri svojem delu. Z na\u0161im\u00a0orodjem in re\u0161itvami jim [&hellip;]<\/p>","protected":false},"author":2,"featured_media":0,"parent":0,"menu_order":0,"comment_status":"closed","ping_status":"closed","template":"","meta":{"site-sidebar-layout":"no-sidebar","site-content-layout":"page-builder","ast-site-content-layout":"full-width-container","site-content-style":"unboxed","site-sidebar-style":"unboxed","ast-global-header-display":"","ast-banner-title-visibility":"","ast-main-header-display":"","ast-hfb-above-header-display":"","ast-hfb-below-header-display":"","ast-hfb-mobile-header-display":"","site-post-title":"disabled","ast-breadcrumbs-content":"","ast-featured-img":"disabled","footer-sml-layout":"","theme-transparent-header-meta":"enabled","adv-header-id-meta":"","stick-header-meta":"","header-above-stick-meta":"","header-main-stick-meta":"","header-below-stick-meta":"","astra-migrate-meta-layouts":"set","ast-page-background-enabled":"default","ast-page-background-meta":{"desktop":{"background-color":"","background-image":"","background-repeat":"repeat","background-position":"center center","background-size":"auto","background-attachment":"scroll","background-type":"","background-media":"","overlay-type":"","overlay-color":"","overlay-opacity":"","overlay-gradient":""},"tablet":{"background-color":"","background-image":"","background-repeat":"repeat","background-position":"center center","background-size":"auto","background-attachment":"scroll","background-type":"","background-media":"","overlay-type":"","overlay-color":"","overlay-opacity":"","overlay-gradient":""},"mobile":{"background-color":"","background-image":"","background-repeat":"repeat","background-position":"center center","background-size":"auto","background-attachment":"scroll","background-type":"","background-media":"","overlay-type":"","overlay-color":"","overlay-opacity":"","overlay-gradient":""}},"ast-content-background-meta":{"desktop":{"background-color":"var(--ast-global-color-5)","background-image":"","background-repeat":"repeat","background-position":"center center","background-size":"auto","background-attachment":"scroll","background-type":"","background-media":"","overlay-type":"","overlay-color":"","overlay-opacity":"","overlay-gradient":""},"tablet":{"background-color":"var(--ast-global-color-5)","background-image":"","background-repeat":"repeat","background-position":"center center","background-size":"auto","background-attachment":"scroll","background-type":"","background-media":"","overlay-type":"","overlay-color":"","overlay-opacity":"","overlay-gradient":""},"mobile":{"background-color":"var(--ast-global-color-5)","background-image":"","background-repeat":"repeat","background-position":"center center","background-size":"auto","background-attachment":"scroll","background-type":"","background-media":"","overlay-type":"","overlay-color":"","overlay-opacity":"","overlay-gradient":""}},"iawp_total_views":214,"footnotes":""},"class_list":["post-5","page","type-page","status-publish","hentry"],"yoast_head":"<!-- This site is optimized with the Yoast SEO plugin v25.7 - https:\/\/yoast.com\/wordpress\/plugins\/seo\/ -->\n<title>About - Styrotop<\/title>\n<meta name=\"robots\" content=\"index, follow, max-snippet:-1, max-image-preview:large, max-video-preview:-1\" \/>\n<link rel=\"canonical\" href=\"https:\/\/styrotop.com\/de\/about\/\" \/>\n<meta property=\"og:locale\" content=\"de_DE\" \/>\n<meta property=\"og:type\" content=\"article\" \/>\n<meta property=\"og:title\" content=\"About - Styrotop\" \/>\n<meta property=\"og:description\" content=\"NA\u0160A VIZIJA O STYROTOP Smo razvojno podjetje na podro\u010dju ro\u010dnih rezalnikov za rezanje topljivih materialov . \u017delimo si, da na\u0161i rezalniki postanejo klju\u010dno orodje vsem fasaderjem in drugim uporabnikom pri rezanju stiroporja, stirodurja in drugih topljivih materialov po vsem svetu. Uporabnikom \u017eelimo pove\u010dati produktivnost, u\u010dinkovitost in natan\u010dnost pri svojem delu. Z na\u0161im\u00a0orodjem in re\u0161itvami jim [&hellip;]\" \/>\n<meta property=\"og:url\" content=\"https:\/\/styrotop.com\/de\/about\/\" \/>\n<meta property=\"og:site_name\" content=\"Styrotop\" \/>\n<meta property=\"article:modified_time\" content=\"2024-02-28T22:37:56+00:00\" \/>\n<meta property=\"og:image\" content=\"https:\/\/styrotop.com\/wp-content\/uploads\/2022\/06\/styro-foam-cooter-min-scaled-770x440.jpg\" \/>\n<meta name=\"twitter:card\" content=\"summary_large_image\" \/>\n<meta name=\"twitter:label1\" content=\"Gesch\u00e4tzte Lesezeit\" \/>\n\t<meta name=\"twitter:data1\" content=\"1\u00a0Minute\" \/>\n<script type=\"application\/ld+json\" class=\"yoast-schema-graph\">{\"@context\":\"https:\/\/schema.org\",\"@graph\":[{\"@type\":\"WebPage\",\"@id\":\"https:\/\/styrotop.com\/about\/\",\"url\":\"https:\/\/styrotop.com\/about\/\",\"name\":\"About - Styrotop\",\"isPartOf\":{\"@id\":\"https:\/\/styrotop.com\/#website\"},\"primaryImageOfPage\":{\"@id\":\"https:\/\/styrotop.com\/about\/#primaryimage\"},\"image\":{\"@id\":\"https:\/\/styrotop.com\/about\/#primaryimage\"},\"thumbnailUrl\":\"https:\/\/styrotop.com\/wp-content\/uploads\/2022\/06\/styro-foam-cooter-min-scaled-770x440.jpg\",\"datePublished\":\"2018-11-27T09:17:08+00:00\",\"dateModified\":\"2024-02-28T22:37:56+00:00\",\"breadcrumb\":{\"@id\":\"https:\/\/styrotop.com\/about\/#breadcrumb\"},\"inLanguage\":\"de\",\"potentialAction\":[{\"@type\":\"ReadAction\",\"target\":[\"https:\/\/styrotop.com\/about\/\"]}]},{\"@type\":\"ImageObject\",\"inLanguage\":\"de\",\"@id\":\"https:\/\/styrotop.com\/about\/#primaryimage\",\"url\":\"https:\/\/styrotop.com\/wp-content\/uploads\/2022\/06\/styro-foam-cooter-min-scaled-770x440.jpg\",\"contentUrl\":\"https:\/\/styrotop.com\/wp-content\/uploads\/2022\/06\/styro-foam-cooter-min-scaled-770x440.jpg\"},{\"@type\":\"BreadcrumbList\",\"@id\":\"https:\/\/styrotop.com\/about\/#breadcrumb\",\"itemListElement\":[{\"@type\":\"ListItem\",\"position\":1,\"name\":\"Home\",\"item\":\"https:\/\/styrotop.com\/\"},{\"@type\":\"ListItem\",\"position\":2,\"name\":\"About\"}]},{\"@type\":\"WebSite\",\"@id\":\"https:\/\/styrotop.com\/#website\",\"url\":\"https:\/\/styrotop.com\/\",\"name\":\"Styrotop\",\"description\":\"Rezalnik stiroporja in stirodurja\",\"publisher\":{\"@id\":\"https:\/\/styrotop.com\/#organization\"},\"potentialAction\":[{\"@type\":\"SearchAction\",\"target\":{\"@type\":\"EntryPoint\",\"urlTemplate\":\"https:\/\/styrotop.com\/?s={search_term_string}\"},\"query-input\":{\"@type\":\"PropertyValueSpecification\",\"valueRequired\":true,\"valueName\":\"search_term_string\"}}],\"inLanguage\":\"de\"},{\"@type\":\"Organization\",\"@id\":\"https:\/\/styrotop.com\/#organization\",\"name\":\"M-produktivno, Igor Marin\u010d s.p.\",\"url\":\"https:\/\/styrotop.com\/\",\"logo\":{\"@type\":\"ImageObject\",\"inLanguage\":\"de\",\"@id\":\"https:\/\/styrotop.com\/#\/schema\/logo\/image\/\",\"url\":\"https:\/\/styrotop.com\/wp-content\/uploads\/2022\/06\/styrotop-logo-black.png\",\"contentUrl\":\"https:\/\/styrotop.com\/wp-content\/uploads\/2022\/06\/styrotop-logo-black.png\",\"width\":536,\"height\":162,\"caption\":\"M-produktivno, Igor Marin\u010d s.p.\"},\"image\":{\"@id\":\"https:\/\/styrotop.com\/#\/schema\/logo\/image\/\"}}]}<\/script>\n<!-- \/ Yoast SEO plugin. -->","yoast_head_json":{"title":"About - Styrotop","robots":{"index":"index","follow":"follow","max-snippet":"max-snippet:-1","max-image-preview":"max-image-preview:large","max-video-preview":"max-video-preview:-1"},"canonical":"https:\/\/styrotop.com\/de\/about\/","og_locale":"de_DE","og_type":"article","og_title":"About - Styrotop","og_description":"NA\u0160A VIZIJA O STYROTOP Smo razvojno podjetje na podro\u010dju ro\u010dnih rezalnikov za rezanje topljivih materialov . \u017delimo si, da na\u0161i rezalniki postanejo klju\u010dno orodje vsem fasaderjem in drugim uporabnikom pri rezanju stiroporja, stirodurja in drugih topljivih materialov po vsem svetu. Uporabnikom \u017eelimo pove\u010dati produktivnost, u\u010dinkovitost in natan\u010dnost pri svojem delu. Z na\u0161im\u00a0orodjem in re\u0161itvami jim [&hellip;]","og_url":"https:\/\/styrotop.com\/de\/about\/","og_site_name":"Styrotop","article_modified_time":"2024-02-28T22:37:56+00:00","og_image":[{"url":"https:\/\/styrotop.com\/wp-content\/uploads\/2022\/06\/styro-foam-cooter-min-scaled-770x440.jpg","type":"","width":"","height":""}],"twitter_card":"summary_large_image","twitter_misc":{"Gesch\u00e4tzte Lesezeit":"1\u00a0Minute"},"schema":{"@context":"https:\/\/schema.org","@graph":[{"@type":"WebPage","@id":"https:\/\/styrotop.com\/about\/","url":"https:\/\/styrotop.com\/about\/","name":"About - Styrotop","isPartOf":{"@id":"https:\/\/styrotop.com\/#website"},"primaryImageOfPage":{"@id":"https:\/\/styrotop.com\/about\/#primaryimage"},"image":{"@id":"https:\/\/styrotop.com\/about\/#primaryimage"},"thumbnailUrl":"https:\/\/styrotop.com\/wp-content\/uploads\/2022\/06\/styro-foam-cooter-min-scaled-770x440.jpg","datePublished":"2018-11-27T09:17:08+00:00","dateModified":"2024-02-28T22:37:56+00:00","breadcrumb":{"@id":"https:\/\/styrotop.com\/about\/#breadcrumb"},"inLanguage":"de","potentialAction":[{"@type":"ReadAction","target":["https:\/\/styrotop.com\/about\/"]}]},{"@type":"ImageObject","inLanguage":"de","@id":"https:\/\/styrotop.com\/about\/#primaryimage","url":"https:\/\/styrotop.com\/wp-content\/uploads\/2022\/06\/styro-foam-cooter-min-scaled-770x440.jpg","contentUrl":"https:\/\/styrotop.com\/wp-content\/uploads\/2022\/06\/styro-foam-cooter-min-scaled-770x440.jpg"},{"@type":"BreadcrumbList","@id":"https:\/\/styrotop.com\/about\/#breadcrumb","itemListElement":[{"@type":"ListItem","position":1,"name":"Home","item":"https:\/\/styrotop.com\/"},{"@type":"ListItem","position":2,"name":"About"}]},{"@type":"WebSite","@id":"https:\/\/styrotop.com\/#website","url":"https:\/\/styrotop.com\/","name":"Styrotop","description":"Rezalnik stiroporja in stirodurja","publisher":{"@id":"https:\/\/styrotop.com\/#organization"},"potentialAction":[{"@type":"SearchAction","target":{"@type":"EntryPoint","urlTemplate":"https:\/\/styrotop.com\/?s={search_term_string}"},"query-input":{"@type":"PropertyValueSpecification","valueRequired":true,"valueName":"search_term_string"}}],"inLanguage":"de"},{"@type":"Organization","@id":"https:\/\/styrotop.com\/#organization","name":"M-produktivno, Igor Marin\u010d s.p.","url":"https:\/\/styrotop.com\/","logo":{"@type":"ImageObject","inLanguage":"de","@id":"https:\/\/styrotop.com\/#\/schema\/logo\/image\/","url":"https:\/\/styrotop.com\/wp-content\/uploads\/2022\/06\/styrotop-logo-black.png","contentUrl":"https:\/\/styrotop.com\/wp-content\/uploads\/2022\/06\/styrotop-logo-black.png","width":536,"height":162,"caption":"M-produktivno, Igor Marin\u010d s.p."},"image":{"@id":"https:\/\/styrotop.com\/#\/schema\/logo\/image\/"}}]}},"_links":{"self":[{"href":"https:\/\/styrotop.com\/de\/wp-json\/wp\/v2\/pages\/5","targetHints":{"allow":["GET"]}}],"collection":[{"href":"https:\/\/styrotop.com\/de\/wp-json\/wp\/v2\/pages"}],"about":[{"href":"https:\/\/styrotop.com\/de\/wp-json\/wp\/v2\/types\/page"}],"author":[{"embeddable":true,"href":"https:\/\/styrotop.com\/de\/wp-json\/wp\/v2\/users\/2"}],"replies":[{"embeddable":true,"href":"https:\/\/styrotop.com\/de\/wp-json\/wp\/v2\/comments?post=5"}],"version-history":[{"count":0,"href":"https:\/\/styrotop.com\/de\/wp-json\/wp\/v2\/pages\/5\/revisions"}],"wp:attachment":[{"href":"https:\/\/styrotop.com\/de\/wp-json\/wp\/v2\/media?parent=5"}],"curies":[{"name":"wp","href":"https:\/\/api.w.org\/{rel}","templated":true}]}}