{"id":9289,"date":"2024-02-21T22:47:15","date_gmt":"2024-02-21T21:47:15","guid":{"rendered":"https:\/\/styrotop.com\/?page_id=9289"},"modified":"2024-03-11T00:21:09","modified_gmt":"2024-03-10T23:21:09","slug":"politika-zasebnosti","status":"publish","type":"page","link":"https:\/\/styrotop.com\/de\/politika-zasebnosti\/","title":{"rendered":"Datenschutz-Bestimmungen"},"content":{"rendered":"<div data-elementor-type=\"wp-page\" data-elementor-id=\"9289\" class=\"elementor elementor-9289\">\n\t\t\t\t<div class=\"elementor-element elementor-element-f10d751 e-flex e-con-boxed e-con e-parent\" data-id=\"f10d751\" data-element_type=\"container\">\n\t\t\t\t\t<div class=\"e-con-inner\">\n\t\t\t\t<div class=\"elementor-element elementor-element-8eb3a96 elementor-widget elementor-widget-spacer\" data-id=\"8eb3a96\" data-element_type=\"widget\" data-widget_type=\"spacer.default\">\n\t\t\t\t<div class=\"elementor-widget-container\">\n\t\t\t\t\t\t\t<div class=\"elementor-spacer\">\n\t\t\t<div class=\"elementor-spacer-inner\"><\/div>\n\t\t<\/div>\n\t\t\t\t\t\t<\/div>\n\t\t\t\t<\/div>\n\t\t\t\t<div class=\"elementor-element elementor-element-f4090f1 elementor-widget elementor-widget-heading\" data-id=\"f4090f1\" data-element_type=\"widget\" data-widget_type=\"heading.default\">\n\t\t\t\t<div class=\"elementor-widget-container\">\n\t\t\t\t\t<h2 class=\"elementor-heading-title elementor-size-default\">Datenschutzrichtlinie<\/h2>\t\t\t\t<\/div>\n\t\t\t\t<\/div>\n\t\t\t\t<div class=\"elementor-element elementor-element-be80640 elementor-widget elementor-widget-spacer\" data-id=\"be80640\" data-element_type=\"widget\" data-widget_type=\"spacer.default\">\n\t\t\t\t<div class=\"elementor-widget-container\">\n\t\t\t\t\t\t\t<div class=\"elementor-spacer\">\n\t\t\t<div class=\"elementor-spacer-inner\"><\/div>\n\t\t<\/div>\n\t\t\t\t\t\t<\/div>\n\t\t\t\t<\/div>\n\t\t\t\t<div class=\"elementor-element elementor-element-fa5ae10 elementor-widget elementor-widget-text-editor\" data-id=\"fa5ae10\" data-element_type=\"widget\" data-widget_type=\"text-editor.default\">\n\t\t\t\t<div class=\"elementor-widget-container\">\n\t\t\t\t\t\t\t\t\t<p class=\"translation-block\">Das Unternehmen Igor Marin\u010d S.P., das den Online-Shop (www.styrotop.com) betreibt, verpflichtet sich zu einem transparenten und verantwortungsvollen Umgang mit den personenbezogenen Daten seiner Benutzer. Gem\u00e4\u00df dem Verbraucherschutzgesetz (ZVPot-1), dem Datenschutzgesetz (ZVOP-2) und der Datenschutz-Grundverordnung (DSGVO) verpflichtet sich das Unternehmen zum Schutz der Privatsph\u00e4re und personenbezogenen Daten seiner Benutzer.<\/p><p>Zu Betriebszwecken der Website (<a href=\"https:\/\/styrotop.com\/de\/\" target=\"_new\">www.styrotop.com<\/a>) erhebt das Unternehmen Igor Marin\u010d S.P. folgende personenbezogene Daten der Benutzer:<\/p><ul><li>Vorname und Nachname<\/li><li>Adresse und Wohnort<\/li><li>Lieferadresse f\u00fcr bestellte Produkte<\/li><li>E-Mail-Adresse (Benutzername)<\/li><li>Weitere vom Benutzer bei der Registrierung im Online-Shop bereitgestellte Daten<\/li><\/ul><p>Das Unternehmen \u00fcbernimmt keine Verantwortung f\u00fcr die Richtigkeit und Aktualit\u00e4t der vom Benutzer bei der Registrierung bereitgestellten Daten.<\/p><p class=\"translation-block\">Zu Sicherheitszwecken und zur Verhinderung von Missbrauch werden auch die IP-Adressen der Benutzer, die auf die Website (www.styrotop.com) zugreifen, erfasst.<\/p><p><strong>Offenlegung personenbezogener Daten<\/strong><\/p><p>Die vom Unternehmen Igor Marin\u010d S.P. erhobenen und verarbeiteten Daten werden nur offengelegt, wenn dies gesetzlich vorgeschrieben ist (einschlie\u00dflich des Verbraucherschutzgesetzes - ZVPot-1, ZVOP-2, DSGVO) oder wenn dies f\u00fcr rechtliche Verfahren oder zum Schutz der Rechte des Unternehmens erforderlich ist.<\/p>\t\t\t\t\t\t\t\t<\/div>\n\t\t\t\t<\/div>\n\t\t\t\t\t<\/div>\n\t\t\t\t<\/div>\n\t\t\t\t<\/div>","protected":false},"excerpt":{"rendered":"<p>POLITIKA ZASEBNOSTI Podjetje Igor Marin\u010d S.P., ki upravlja spletno trgovino (www.styrotop.com), si prizadeva za transparentno in odgovorno ravnanje z osebnimi podatki svojih uporabnikov. V skladu z zakonom o varstvu potro\u0161nikov (ZVPot-1), zakonom o varstvu osebnih podatkov (ZVOP-2) in Splo\u0161no uredbo o varstvu podatkov (GDPR) se podjetje zavezuje k varovanju zasebnosti in varstvu osebnih podatkov svojih [&hellip;]<\/p>","protected":false},"author":2,"featured_media":0,"parent":0,"menu_order":0,"comment_status":"closed","ping_status":"closed","template":"","meta":{"site-sidebar-layout":"no-sidebar","site-content-layout":"page-builder","ast-site-content-layout":"full-width-container","site-content-style":"default","site-sidebar-style":"default","ast-global-header-display":"","ast-banner-title-visibility":"","ast-main-header-display":"","ast-hfb-above-header-display":"","ast-hfb-below-header-display":"","ast-hfb-mobile-header-display":"","site-post-title":"disabled","ast-breadcrumbs-content":"","ast-featured-img":"disabled","footer-sml-layout":"","theme-transparent-header-meta":"","adv-header-id-meta":"","stick-header-meta":"","header-above-stick-meta":"","header-main-stick-meta":"","header-below-stick-meta":"","astra-migrate-meta-layouts":"set","ast-page-background-enabled":"default","ast-page-background-meta":{"desktop":{"background-color":"","background-image":"","background-repeat":"repeat","background-position":"center center","background-size":"auto","background-attachment":"scroll","background-type":"","background-media":"","overlay-type":"","overlay-color":"","overlay-opacity":"","overlay-gradient":""},"tablet":{"background-color":"","background-image":"","background-repeat":"repeat","background-position":"center center","background-size":"auto","background-attachment":"scroll","background-type":"","background-media":"","overlay-type":"","overlay-color":"","overlay-opacity":"","overlay-gradient":""},"mobile":{"background-color":"","background-image":"","background-repeat":"repeat","background-position":"center center","background-size":"auto","background-attachment":"scroll","background-type":"","background-media":"","overlay-type":"","overlay-color":"","overlay-opacity":"","overlay-gradient":""}},"ast-content-background-meta":{"desktop":{"background-color":"var(--ast-global-color-5)","background-image":"","background-repeat":"repeat","background-position":"center center","background-size":"auto","background-attachment":"scroll","background-type":"","background-media":"","overlay-type":"","overlay-color":"","overlay-opacity":"","overlay-gradient":""},"tablet":{"background-color":"var(--ast-global-color-5)","background-image":"","background-repeat":"repeat","background-position":"center center","background-size":"auto","background-attachment":"scroll","background-type":"","background-media":"","overlay-type":"","overlay-color":"","overlay-opacity":"","overlay-gradient":""},"mobile":{"background-color":"var(--ast-global-color-5)","background-image":"","background-repeat":"repeat","background-position":"center center","background-size":"auto","background-attachment":"scroll","background-type":"","background-media":"","overlay-type":"","overlay-color":"","overlay-opacity":"","overlay-gradient":""}},"iawp_total_views":21,"footnotes":""},"class_list":["post-9289","page","type-page","status-publish","hentry"],"yoast_head":"<!-- This site is optimized with the Yoast SEO plugin v25.7 - https:\/\/yoast.com\/wordpress\/plugins\/seo\/ -->\n<title>Politika zasebnosti - Styrotop<\/title>\n<meta name=\"robots\" content=\"index, follow, max-snippet:-1, max-image-preview:large, max-video-preview:-1\" \/>\n<link rel=\"canonical\" href=\"https:\/\/styrotop.com\/de\/politika-zasebnosti\/\" \/>\n<meta property=\"og:locale\" content=\"de_DE\" \/>\n<meta property=\"og:type\" content=\"article\" \/>\n<meta property=\"og:title\" content=\"Politika zasebnosti - Styrotop\" \/>\n<meta property=\"og:description\" content=\"POLITIKA ZASEBNOSTI Podjetje Igor Marin\u010d S.P., ki upravlja spletno trgovino (www.styrotop.com), si prizadeva za transparentno in odgovorno ravnanje z osebnimi podatki svojih uporabnikov. V skladu z zakonom o varstvu potro\u0161nikov (ZVPot-1), zakonom o varstvu osebnih podatkov (ZVOP-2) in Splo\u0161no uredbo o varstvu podatkov (GDPR) se podjetje zavezuje k varovanju zasebnosti in varstvu osebnih podatkov svojih [&hellip;]\" \/>\n<meta property=\"og:url\" content=\"https:\/\/styrotop.com\/de\/politika-zasebnosti\/\" \/>\n<meta property=\"og:site_name\" content=\"Styrotop\" \/>\n<meta property=\"article:modified_time\" content=\"2024-03-10T23:21:09+00:00\" \/>\n<meta name=\"twitter:card\" content=\"summary_large_image\" \/>\n<meta name=\"twitter:label1\" content=\"Gesch\u00e4tzte Lesezeit\" \/>\n\t<meta name=\"twitter:data1\" content=\"1\u00a0Minute\" \/>\n<script type=\"application\/ld+json\" class=\"yoast-schema-graph\">{\"@context\":\"https:\/\/schema.org\",\"@graph\":[{\"@type\":\"WebPage\",\"@id\":\"https:\/\/styrotop.com\/politika-zasebnosti\/\",\"url\":\"https:\/\/styrotop.com\/politika-zasebnosti\/\",\"name\":\"Politika zasebnosti - Styrotop\",\"isPartOf\":{\"@id\":\"https:\/\/styrotop.com\/#website\"},\"datePublished\":\"2024-02-21T21:47:15+00:00\",\"dateModified\":\"2024-03-10T23:21:09+00:00\",\"breadcrumb\":{\"@id\":\"https:\/\/styrotop.com\/politika-zasebnosti\/#breadcrumb\"},\"inLanguage\":\"de\",\"potentialAction\":[{\"@type\":\"ReadAction\",\"target\":[\"https:\/\/styrotop.com\/politika-zasebnosti\/\"]}]},{\"@type\":\"BreadcrumbList\",\"@id\":\"https:\/\/styrotop.com\/politika-zasebnosti\/#breadcrumb\",\"itemListElement\":[{\"@type\":\"ListItem\",\"position\":1,\"name\":\"Home\",\"item\":\"https:\/\/styrotop.com\/\"},{\"@type\":\"ListItem\",\"position\":2,\"name\":\"Politika zasebnosti\"}]},{\"@type\":\"WebSite\",\"@id\":\"https:\/\/styrotop.com\/#website\",\"url\":\"https:\/\/styrotop.com\/\",\"name\":\"Styrotop\",\"description\":\"Rezalnik stiroporja in stirodurja\",\"publisher\":{\"@id\":\"https:\/\/styrotop.com\/#organization\"},\"potentialAction\":[{\"@type\":\"SearchAction\",\"target\":{\"@type\":\"EntryPoint\",\"urlTemplate\":\"https:\/\/styrotop.com\/?s={search_term_string}\"},\"query-input\":{\"@type\":\"PropertyValueSpecification\",\"valueRequired\":true,\"valueName\":\"search_term_string\"}}],\"inLanguage\":\"de\"},{\"@type\":\"Organization\",\"@id\":\"https:\/\/styrotop.com\/#organization\",\"name\":\"M-produktivno, Igor Marin\u010d s.p.\",\"url\":\"https:\/\/styrotop.com\/\",\"logo\":{\"@type\":\"ImageObject\",\"inLanguage\":\"de\",\"@id\":\"https:\/\/styrotop.com\/#\/schema\/logo\/image\/\",\"url\":\"https:\/\/styrotop.com\/wp-content\/uploads\/2022\/06\/styrotop-logo-black.png\",\"contentUrl\":\"https:\/\/styrotop.com\/wp-content\/uploads\/2022\/06\/styrotop-logo-black.png\",\"width\":536,\"height\":162,\"caption\":\"M-produktivno, Igor Marin\u010d s.p.\"},\"image\":{\"@id\":\"https:\/\/styrotop.com\/#\/schema\/logo\/image\/\"}}]}<\/script>\n<!-- \/ Yoast SEO plugin. -->","yoast_head_json":{"title":"Politika zasebnosti - Styrotop","robots":{"index":"index","follow":"follow","max-snippet":"max-snippet:-1","max-image-preview":"max-image-preview:large","max-video-preview":"max-video-preview:-1"},"canonical":"https:\/\/styrotop.com\/de\/politika-zasebnosti\/","og_locale":"de_DE","og_type":"article","og_title":"Politika zasebnosti - Styrotop","og_description":"POLITIKA ZASEBNOSTI Podjetje Igor Marin\u010d S.P., ki upravlja spletno trgovino (www.styrotop.com), si prizadeva za transparentno in odgovorno ravnanje z osebnimi podatki svojih uporabnikov. V skladu z zakonom o varstvu potro\u0161nikov (ZVPot-1), zakonom o varstvu osebnih podatkov (ZVOP-2) in Splo\u0161no uredbo o varstvu podatkov (GDPR) se podjetje zavezuje k varovanju zasebnosti in varstvu osebnih podatkov svojih [&hellip;]","og_url":"https:\/\/styrotop.com\/de\/politika-zasebnosti\/","og_site_name":"Styrotop","article_modified_time":"2024-03-10T23:21:09+00:00","twitter_card":"summary_large_image","twitter_misc":{"Gesch\u00e4tzte Lesezeit":"1\u00a0Minute"},"schema":{"@context":"https:\/\/schema.org","@graph":[{"@type":"WebPage","@id":"https:\/\/styrotop.com\/politika-zasebnosti\/","url":"https:\/\/styrotop.com\/politika-zasebnosti\/","name":"Politika zasebnosti - Styrotop","isPartOf":{"@id":"https:\/\/styrotop.com\/#website"},"datePublished":"2024-02-21T21:47:15+00:00","dateModified":"2024-03-10T23:21:09+00:00","breadcrumb":{"@id":"https:\/\/styrotop.com\/politika-zasebnosti\/#breadcrumb"},"inLanguage":"de","potentialAction":[{"@type":"ReadAction","target":["https:\/\/styrotop.com\/politika-zasebnosti\/"]}]},{"@type":"BreadcrumbList","@id":"https:\/\/styrotop.com\/politika-zasebnosti\/#breadcrumb","itemListElement":[{"@type":"ListItem","position":1,"name":"Home","item":"https:\/\/styrotop.com\/"},{"@type":"ListItem","position":2,"name":"Politika zasebnosti"}]},{"@type":"WebSite","@id":"https:\/\/styrotop.com\/#website","url":"https:\/\/styrotop.com\/","name":"Styrotop","description":"Rezalnik stiroporja in stirodurja","publisher":{"@id":"https:\/\/styrotop.com\/#organization"},"potentialAction":[{"@type":"SearchAction","target":{"@type":"EntryPoint","urlTemplate":"https:\/\/styrotop.com\/?s={search_term_string}"},"query-input":{"@type":"PropertyValueSpecification","valueRequired":true,"valueName":"search_term_string"}}],"inLanguage":"de"},{"@type":"Organization","@id":"https:\/\/styrotop.com\/#organization","name":"M-produktivno, Igor Marin\u010d s.p.","url":"https:\/\/styrotop.com\/","logo":{"@type":"ImageObject","inLanguage":"de","@id":"https:\/\/styrotop.com\/#\/schema\/logo\/image\/","url":"https:\/\/styrotop.com\/wp-content\/uploads\/2022\/06\/styrotop-logo-black.png","contentUrl":"https:\/\/styrotop.com\/wp-content\/uploads\/2022\/06\/styrotop-logo-black.png","width":536,"height":162,"caption":"M-produktivno, Igor Marin\u010d s.p."},"image":{"@id":"https:\/\/styrotop.com\/#\/schema\/logo\/image\/"}}]}},"_links":{"self":[{"href":"https:\/\/styrotop.com\/de\/wp-json\/wp\/v2\/pages\/9289","targetHints":{"allow":["GET"]}}],"collection":[{"href":"https:\/\/styrotop.com\/de\/wp-json\/wp\/v2\/pages"}],"about":[{"href":"https:\/\/styrotop.com\/de\/wp-json\/wp\/v2\/types\/page"}],"author":[{"embeddable":true,"href":"https:\/\/styrotop.com\/de\/wp-json\/wp\/v2\/users\/2"}],"replies":[{"embeddable":true,"href":"https:\/\/styrotop.com\/de\/wp-json\/wp\/v2\/comments?post=9289"}],"version-history":[{"count":0,"href":"https:\/\/styrotop.com\/de\/wp-json\/wp\/v2\/pages\/9289\/revisions"}],"wp:attachment":[{"href":"https:\/\/styrotop.com\/de\/wp-json\/wp\/v2\/media?parent=9289"}],"curies":[{"name":"wp","href":"https:\/\/api.w.org\/{rel}","templated":true}]}}