{"id":9295,"date":"2024-02-21T22:49:04","date_gmt":"2024-02-21T21:49:04","guid":{"rendered":"https:\/\/styrotop.com\/?page_id=9295"},"modified":"2024-12-15T22:44:12","modified_gmt":"2024-12-15T21:44:12","slug":"dostava-in-vracila","status":"publish","type":"page","link":"https:\/\/styrotop.com\/de\/dostava-in-vracila\/","title":{"rendered":"Versand und R\u00fcckgabe"},"content":{"rendered":"<div data-elementor-type=\"wp-page\" data-elementor-id=\"9295\" class=\"elementor elementor-9295\">\n\t\t\t\t<div class=\"elementor-element elementor-element-3e650e0 e-flex e-con-boxed e-con e-parent\" data-id=\"3e650e0\" data-element_type=\"container\">\n\t\t\t\t\t<div class=\"e-con-inner\">\n\t\t\t\t<div class=\"elementor-element elementor-element-81b88d6 elementor-widget elementor-widget-spacer\" data-id=\"81b88d6\" data-element_type=\"widget\" data-widget_type=\"spacer.default\">\n\t\t\t\t<div class=\"elementor-widget-container\">\n\t\t\t\t\t\t\t<div class=\"elementor-spacer\">\n\t\t\t<div class=\"elementor-spacer-inner\"><\/div>\n\t\t<\/div>\n\t\t\t\t\t\t<\/div>\n\t\t\t\t<\/div>\n\t\t\t\t<div class=\"elementor-element elementor-element-0e6f116 elementor-widget elementor-widget-heading\" data-id=\"0e6f116\" data-element_type=\"widget\" data-widget_type=\"heading.default\">\n\t\t\t\t<div class=\"elementor-widget-container\">\n\t\t\t\t\t<h2 class=\"elementor-heading-title elementor-size-default\">VERSAND UND R\u00dcCKGABEN<\/h2>\t\t\t\t<\/div>\n\t\t\t\t<\/div>\n\t\t\t\t<div class=\"elementor-element elementor-element-e2e47c5 elementor-widget elementor-widget-spacer\" data-id=\"e2e47c5\" data-element_type=\"widget\" data-widget_type=\"spacer.default\">\n\t\t\t\t<div class=\"elementor-widget-container\">\n\t\t\t\t\t\t\t<div class=\"elementor-spacer\">\n\t\t\t<div class=\"elementor-spacer-inner\"><\/div>\n\t\t<\/div>\n\t\t\t\t\t\t<\/div>\n\t\t\t\t<\/div>\n\t\t\t\t<div class=\"elementor-element elementor-element-3e15296 elementor-widget elementor-widget-text-editor\" data-id=\"3e15296\" data-element_type=\"widget\" data-widget_type=\"text-editor.default\">\n\t\t\t\t<div class=\"elementor-widget-container\">\n\t\t\t\t\t\t\t\t\t<div class=\"entry-content\"><p><strong>R\u00dcCKERSTATTUNGEN<\/strong><br \/>Jedes gekaufte Produkt kann zur\u00fcckgegeben oder umgetauscht werden, indem Sie uns per E-Mail benachrichtigen: info@styrotop.com und das Produkt einfach an die Firmenzentrale zur\u00fccksenden (mit einem geeigneten Schreiben, aus dem die Identit\u00e4t des R\u00fccksenders hervorgeht).<\/p><p>Jeder K\u00e4ufer hat das Recht, dem Unternehmen innerhalb von 14 Tagen nach Erhalt der Ware mitzuteilen, dass er vom Vertrag zur\u00fccktreten m\u00f6chte, ohne dass er Gr\u00fcnde f\u00fcr seine Entscheidung angeben muss. Die Mitteilung muss an info@styrotop.com gesendet werden. Der K\u00e4ufer erh\u00e4lt eine Best\u00e4tigungs-E-Mail, dass der Vertrag widerrufen wurde.<\/p><p>In der Widerrufserkl\u00e4rung muss der K\u00e4ufer angeben:<\/p><ul><li>Name, Vorname und Adresse des K\u00e4ufers<\/li><li>Name und Code des Produkts<\/li><li>Etwaige Pr\u00e4ferenzen f\u00fcr die Auswahl einer anderen Gr\u00f6\u00dfe oder eines anderen Modells des Produkts<\/li><\/ul><p>Innerhalb von 14 Tagen nach Erhalt der Ware muss der K\u00e4ufer die Ware an die Adresse des Anbieters zur\u00fccksenden. Die Frist f\u00fcr die R\u00fcckerstattung des Kaufpreises betr\u00e4gt 14 Tage.<\/p><p>Die einzigen Kosten, die dem K\u00e4ufer im Zusammenhang mit dem R\u00fccktritt vom Vertrag entstehen, sind die direkten Kosten der R\u00fccksendung der Ware. Der Anbieter wird dem K\u00e4ufer den gesamten Kaufpreis so schnell wie m\u00f6glich nach R\u00fccksendung der Ware an die Adresse des Anbieters erstatten.<\/p><p>Der K\u00e4ufer muss die Ware unbenutzt, unbesch\u00e4digt und in unver\u00e4nderter Menge zur\u00fccksenden, es sei denn, die Ware wurde aufgrund von Umst\u00e4nden zerst\u00f6rt, verloren oder reduziert, die nicht auf das Verschulden des Verbrauchers zur\u00fcckzuf\u00fchren sind.<\/p><p>Die Kosten f\u00fcr die R\u00fccksendung tr\u00e4gt der Absender selbst, es sei denn, es wurde im Voraus schriftlich etwas anderes vereinbart. Wir akzeptieren keine Sendungen mit Nachnahme. Im Falle einer Lieferung auf unsere Kosten berechnen wir dem K\u00e4ufer die R\u00fccksendekosten gem\u00e4\u00df der geltenden Preisliste von GLS SLOVENIJA. Wir haften nicht f\u00fcr entstandene Kosten aufgrund von Verhalten au\u00dferhalb der Gesch\u00e4ftsbedingungen.<\/p><p>Wir versenden Produkte innerhalb des Gebiets der Republik Slowenien und ins Ausland.<\/p><p>Der Verbraucher muss die Ware an folgende Adresse zur\u00fccksenden:<strong>\u00a0Igor Marin\u010d s.p., Zaplana \u2013 del 62A, 1373 Zaplana, skupaj z ra\u010dunom v originalni embala\u017ei.<\/strong><\/p><\/div><p>Nach vorheriger Absprache per E-Mail oder der oben genannten Telefonnummer k\u00f6nnen wir auch eine pers\u00f6nliche Abholung vereinbaren.<\/p>\t\t\t\t\t\t\t\t<\/div>\n\t\t\t\t<\/div>\n\t\t\t\t<div class=\"elementor-element elementor-element-60e815d elementor-widget elementor-widget-spacer\" data-id=\"60e815d\" data-element_type=\"widget\" data-widget_type=\"spacer.default\">\n\t\t\t\t<div class=\"elementor-widget-container\">\n\t\t\t\t\t\t\t<div class=\"elementor-spacer\">\n\t\t\t<div class=\"elementor-spacer-inner\"><\/div>\n\t\t<\/div>\n\t\t\t\t\t\t<\/div>\n\t\t\t\t<\/div>\n\t\t\t\t\t<\/div>\n\t\t\t\t<\/div>\n\t\t\t\t<\/div>","protected":false},"excerpt":{"rendered":"<p>DOSTAVA IN VRA\u010cILA VRA\u010cILAVsak kupljen izdelek lahko vrnete ali zamenjate tako, da nas obvestite na email: info@styrotop.com in izdelek enostavno po\u0161ljete nazaj na sede\u017e podjetja (s primernim dopisom iz katerega je mo\u010d razbrati identiteto vra\u010ditelja) Kupec ima pravico, da v 14 dneh od prevzema blaga podjetju sporo\u010di, da odstopa od pogodbe, ne da bi mu [&hellip;]<\/p>","protected":false},"author":2,"featured_media":0,"parent":0,"menu_order":0,"comment_status":"closed","ping_status":"closed","template":"","meta":{"site-sidebar-layout":"no-sidebar","site-content-layout":"page-builder","ast-site-content-layout":"full-width-container","site-content-style":"default","site-sidebar-style":"default","ast-global-header-display":"","ast-banner-title-visibility":"","ast-main-header-display":"","ast-hfb-above-header-display":"","ast-hfb-below-header-display":"","ast-hfb-mobile-header-display":"","site-post-title":"disabled","ast-breadcrumbs-content":"","ast-featured-img":"disabled","footer-sml-layout":"","theme-transparent-header-meta":"","adv-header-id-meta":"","stick-header-meta":"","header-above-stick-meta":"","header-main-stick-meta":"","header-below-stick-meta":"","astra-migrate-meta-layouts":"set","ast-page-background-enabled":"default","ast-page-background-meta":{"desktop":{"background-color":"","background-image":"","background-repeat":"repeat","background-position":"center center","background-size":"auto","background-attachment":"scroll","background-type":"","background-media":"","overlay-type":"","overlay-color":"","overlay-opacity":"","overlay-gradient":""},"tablet":{"background-color":"","background-image":"","background-repeat":"repeat","background-position":"center center","background-size":"auto","background-attachment":"scroll","background-type":"","background-media":"","overlay-type":"","overlay-color":"","overlay-opacity":"","overlay-gradient":""},"mobile":{"background-color":"","background-image":"","background-repeat":"repeat","background-position":"center center","background-size":"auto","background-attachment":"scroll","background-type":"","background-media":"","overlay-type":"","overlay-color":"","overlay-opacity":"","overlay-gradient":""}},"ast-content-background-meta":{"desktop":{"background-color":"var(--ast-global-color-5)","background-image":"","background-repeat":"repeat","background-position":"center center","background-size":"auto","background-attachment":"scroll","background-type":"","background-media":"","overlay-type":"","overlay-color":"","overlay-opacity":"","overlay-gradient":""},"tablet":{"background-color":"var(--ast-global-color-5)","background-image":"","background-repeat":"repeat","background-position":"center center","background-size":"auto","background-attachment":"scroll","background-type":"","background-media":"","overlay-type":"","overlay-color":"","overlay-opacity":"","overlay-gradient":""},"mobile":{"background-color":"var(--ast-global-color-5)","background-image":"","background-repeat":"repeat","background-position":"center center","background-size":"auto","background-attachment":"scroll","background-type":"","background-media":"","overlay-type":"","overlay-color":"","overlay-opacity":"","overlay-gradient":""}},"iawp_total_views":98,"footnotes":""},"class_list":["post-9295","page","type-page","status-publish","hentry"],"yoast_head":"<!-- This site is optimized with the Yoast SEO plugin v25.7 - https:\/\/yoast.com\/wordpress\/plugins\/seo\/ -->\n<title>Dostava in vra\u010dila - Styrotop<\/title>\n<meta name=\"robots\" content=\"index, follow, max-snippet:-1, max-image-preview:large, max-video-preview:-1\" \/>\n<link rel=\"canonical\" href=\"https:\/\/styrotop.com\/de\/dostava-in-vracila\/\" \/>\n<meta property=\"og:locale\" content=\"de_DE\" \/>\n<meta property=\"og:type\" content=\"article\" \/>\n<meta property=\"og:title\" content=\"Dostava in vra\u010dila - Styrotop\" \/>\n<meta property=\"og:description\" content=\"DOSTAVA IN VRA\u010cILA VRA\u010cILAVsak kupljen izdelek lahko vrnete ali zamenjate tako, da nas obvestite na email: info@styrotop.com in izdelek enostavno po\u0161ljete nazaj na sede\u017e podjetja (s primernim dopisom iz katerega je mo\u010d razbrati identiteto vra\u010ditelja) Kupec ima pravico, da v 14 dneh od prevzema blaga podjetju sporo\u010di, da odstopa od pogodbe, ne da bi mu [&hellip;]\" \/>\n<meta property=\"og:url\" content=\"https:\/\/styrotop.com\/de\/dostava-in-vracila\/\" \/>\n<meta property=\"og:site_name\" content=\"Styrotop\" \/>\n<meta property=\"article:modified_time\" content=\"2024-12-15T21:44:12+00:00\" \/>\n<meta name=\"twitter:card\" content=\"summary_large_image\" \/>\n<meta name=\"twitter:label1\" content=\"Gesch\u00e4tzte Lesezeit\" \/>\n\t<meta name=\"twitter:data1\" content=\"2\u00a0Minuten\" \/>\n<script type=\"application\/ld+json\" class=\"yoast-schema-graph\">{\"@context\":\"https:\/\/schema.org\",\"@graph\":[{\"@type\":\"WebPage\",\"@id\":\"https:\/\/styrotop.com\/dostava-in-vracila\/\",\"url\":\"https:\/\/styrotop.com\/dostava-in-vracila\/\",\"name\":\"Dostava in vra\u010dila - Styrotop\",\"isPartOf\":{\"@id\":\"https:\/\/styrotop.com\/#website\"},\"datePublished\":\"2024-02-21T21:49:04+00:00\",\"dateModified\":\"2024-12-15T21:44:12+00:00\",\"breadcrumb\":{\"@id\":\"https:\/\/styrotop.com\/dostava-in-vracila\/#breadcrumb\"},\"inLanguage\":\"de\",\"potentialAction\":[{\"@type\":\"ReadAction\",\"target\":[\"https:\/\/styrotop.com\/dostava-in-vracila\/\"]}]},{\"@type\":\"BreadcrumbList\",\"@id\":\"https:\/\/styrotop.com\/dostava-in-vracila\/#breadcrumb\",\"itemListElement\":[{\"@type\":\"ListItem\",\"position\":1,\"name\":\"Home\",\"item\":\"https:\/\/styrotop.com\/\"},{\"@type\":\"ListItem\",\"position\":2,\"name\":\"Dostava in vra\u010dila\"}]},{\"@type\":\"WebSite\",\"@id\":\"https:\/\/styrotop.com\/#website\",\"url\":\"https:\/\/styrotop.com\/\",\"name\":\"Styrotop\",\"description\":\"Rezalnik stiroporja in stirodurja\",\"publisher\":{\"@id\":\"https:\/\/styrotop.com\/#organization\"},\"potentialAction\":[{\"@type\":\"SearchAction\",\"target\":{\"@type\":\"EntryPoint\",\"urlTemplate\":\"https:\/\/styrotop.com\/?s={search_term_string}\"},\"query-input\":{\"@type\":\"PropertyValueSpecification\",\"valueRequired\":true,\"valueName\":\"search_term_string\"}}],\"inLanguage\":\"de\"},{\"@type\":\"Organization\",\"@id\":\"https:\/\/styrotop.com\/#organization\",\"name\":\"M-produktivno, Igor Marin\u010d s.p.\",\"url\":\"https:\/\/styrotop.com\/\",\"logo\":{\"@type\":\"ImageObject\",\"inLanguage\":\"de\",\"@id\":\"https:\/\/styrotop.com\/#\/schema\/logo\/image\/\",\"url\":\"https:\/\/styrotop.com\/wp-content\/uploads\/2022\/06\/styrotop-logo-black.png\",\"contentUrl\":\"https:\/\/styrotop.com\/wp-content\/uploads\/2022\/06\/styrotop-logo-black.png\",\"width\":536,\"height\":162,\"caption\":\"M-produktivno, Igor Marin\u010d s.p.\"},\"image\":{\"@id\":\"https:\/\/styrotop.com\/#\/schema\/logo\/image\/\"}}]}<\/script>\n<!-- \/ Yoast SEO plugin. -->","yoast_head_json":{"title":"Dostava in vra\u010dila - Styrotop","robots":{"index":"index","follow":"follow","max-snippet":"max-snippet:-1","max-image-preview":"max-image-preview:large","max-video-preview":"max-video-preview:-1"},"canonical":"https:\/\/styrotop.com\/de\/dostava-in-vracila\/","og_locale":"de_DE","og_type":"article","og_title":"Dostava in vra\u010dila - Styrotop","og_description":"DOSTAVA IN VRA\u010cILA VRA\u010cILAVsak kupljen izdelek lahko vrnete ali zamenjate tako, da nas obvestite na email: info@styrotop.com in izdelek enostavno po\u0161ljete nazaj na sede\u017e podjetja (s primernim dopisom iz katerega je mo\u010d razbrati identiteto vra\u010ditelja) Kupec ima pravico, da v 14 dneh od prevzema blaga podjetju sporo\u010di, da odstopa od pogodbe, ne da bi mu [&hellip;]","og_url":"https:\/\/styrotop.com\/de\/dostava-in-vracila\/","og_site_name":"Styrotop","article_modified_time":"2024-12-15T21:44:12+00:00","twitter_card":"summary_large_image","twitter_misc":{"Gesch\u00e4tzte Lesezeit":"2\u00a0Minuten"},"schema":{"@context":"https:\/\/schema.org","@graph":[{"@type":"WebPage","@id":"https:\/\/styrotop.com\/dostava-in-vracila\/","url":"https:\/\/styrotop.com\/dostava-in-vracila\/","name":"Dostava in vra\u010dila - Styrotop","isPartOf":{"@id":"https:\/\/styrotop.com\/#website"},"datePublished":"2024-02-21T21:49:04+00:00","dateModified":"2024-12-15T21:44:12+00:00","breadcrumb":{"@id":"https:\/\/styrotop.com\/dostava-in-vracila\/#breadcrumb"},"inLanguage":"de","potentialAction":[{"@type":"ReadAction","target":["https:\/\/styrotop.com\/dostava-in-vracila\/"]}]},{"@type":"BreadcrumbList","@id":"https:\/\/styrotop.com\/dostava-in-vracila\/#breadcrumb","itemListElement":[{"@type":"ListItem","position":1,"name":"Home","item":"https:\/\/styrotop.com\/"},{"@type":"ListItem","position":2,"name":"Dostava in vra\u010dila"}]},{"@type":"WebSite","@id":"https:\/\/styrotop.com\/#website","url":"https:\/\/styrotop.com\/","name":"Styrotop","description":"Rezalnik stiroporja in stirodurja","publisher":{"@id":"https:\/\/styrotop.com\/#organization"},"potentialAction":[{"@type":"SearchAction","target":{"@type":"EntryPoint","urlTemplate":"https:\/\/styrotop.com\/?s={search_term_string}"},"query-input":{"@type":"PropertyValueSpecification","valueRequired":true,"valueName":"search_term_string"}}],"inLanguage":"de"},{"@type":"Organization","@id":"https:\/\/styrotop.com\/#organization","name":"M-produktivno, Igor Marin\u010d s.p.","url":"https:\/\/styrotop.com\/","logo":{"@type":"ImageObject","inLanguage":"de","@id":"https:\/\/styrotop.com\/#\/schema\/logo\/image\/","url":"https:\/\/styrotop.com\/wp-content\/uploads\/2022\/06\/styrotop-logo-black.png","contentUrl":"https:\/\/styrotop.com\/wp-content\/uploads\/2022\/06\/styrotop-logo-black.png","width":536,"height":162,"caption":"M-produktivno, Igor Marin\u010d s.p."},"image":{"@id":"https:\/\/styrotop.com\/#\/schema\/logo\/image\/"}}]}},"_links":{"self":[{"href":"https:\/\/styrotop.com\/de\/wp-json\/wp\/v2\/pages\/9295","targetHints":{"allow":["GET"]}}],"collection":[{"href":"https:\/\/styrotop.com\/de\/wp-json\/wp\/v2\/pages"}],"about":[{"href":"https:\/\/styrotop.com\/de\/wp-json\/wp\/v2\/types\/page"}],"author":[{"embeddable":true,"href":"https:\/\/styrotop.com\/de\/wp-json\/wp\/v2\/users\/2"}],"replies":[{"embeddable":true,"href":"https:\/\/styrotop.com\/de\/wp-json\/wp\/v2\/comments?post=9295"}],"version-history":[{"count":0,"href":"https:\/\/styrotop.com\/de\/wp-json\/wp\/v2\/pages\/9295\/revisions"}],"wp:attachment":[{"href":"https:\/\/styrotop.com\/de\/wp-json\/wp\/v2\/media?parent=9295"}],"curies":[{"name":"wp","href":"https:\/\/api.w.org\/{rel}","templated":true}]}}