{"id":9425,"date":"2024-02-27T22:58:38","date_gmt":"2024-02-27T21:58:38","guid":{"rendered":"https:\/\/styrotop.com\/?page_id=9425"},"modified":"2024-03-17T21:20:31","modified_gmt":"2024-03-17T20:20:31","slug":"rezalnik-stiroporja-po-meri","status":"publish","type":"page","link":"https:\/\/styrotop.com\/de\/rezalnik-stiroporja-po-meri\/","title":{"rendered":"Elektri\u010dni rezalnik stiroporja M-PRO po meri"},"content":{"rendered":"<div data-elementor-type=\"wp-page\" data-elementor-id=\"9425\" class=\"elementor elementor-9425\">\n\t\t\t\t<div class=\"elementor-element elementor-element-3c6c2d2 e-flex e-con-boxed e-con e-parent\" data-id=\"3c6c2d2\" data-element_type=\"container\" data-settings=\"{&quot;background_background&quot;:&quot;classic&quot;}\">\n\t\t\t\t\t<div class=\"e-con-inner\">\n\t\t<div class=\"elementor-element elementor-element-aa32554 e-con-full e-flex e-con e-child\" data-id=\"aa32554\" data-element_type=\"container\">\n\t\t\t\t<div class=\"elementor-element elementor-element-13ae8b0 elementor-widget elementor-widget-heading\" data-id=\"13ae8b0\" data-element_type=\"widget\" data-widget_type=\"heading.default\">\n\t\t\t\t<div class=\"elementor-widget-container\">\n\t\t\t\t\t<h1 class=\"elementor-heading-title elementor-size-default\">SCHNEIDER F\u00dcR STYROPOR M-PRO NACH MASS<\/h1>\t\t\t\t<\/div>\n\t\t\t\t<\/div>\n\t\t\t\t<\/div>\n\t\t\t\t\t<\/div>\n\t\t\t\t<\/div>\n\t\t<div class=\"elementor-element elementor-element-2841ee6 e-flex e-con-boxed e-con e-parent\" data-id=\"2841ee6\" data-element_type=\"container\">\n\t\t\t\t\t<div class=\"e-con-inner\">\n\t\t<div class=\"elementor-element elementor-element-8e8db96 e-con-full e-flex e-con e-child\" data-id=\"8e8db96\" data-element_type=\"container\">\n\t\t\t\t<div class=\"elementor-element elementor-element-c338185 elementor-widget elementor-widget-heading\" data-id=\"c338185\" data-element_type=\"widget\" data-widget_type=\"heading.default\">\n\t\t\t\t<div class=\"elementor-widget-container\">\n\t\t\t\t\t<h2 class=\"elementor-heading-title elementor-size-default\">Konfigurieren Sie Ihren Styroporschneider<\/h2>\t\t\t\t<\/div>\n\t\t\t\t<\/div>\n\t\t\t\t<div class=\"elementor-element elementor-element-263e386 elementor-widget elementor-widget-text-editor\" data-id=\"263e386\" data-element_type=\"widget\" data-widget_type=\"text-editor.default\">\n\t\t\t\t<div class=\"elementor-widget-container\">\n\t\t\t\t\t\t\t\t\t<p>Beim Erstellen Ihrer Projekte ist es entscheidend, ein Werkzeug zu haben, das Ihren spezifischen Anforderungen entspricht. <span style=\"font-style: inherit; font-weight: inherit; background-color: var(--ast-global-color-4); color: var(--ast-global-color-3);\">Konfigurieren Sie Ihren Styroporschneider mit der gew\u00fcnschten Schnittl\u00e4nge mithilfe des untenstehenden Konfigurators, senden Sie Ihre Anfrage ab, und wir werden Ihnen in K\u00fcrze ein Angebot zukommen lassen.<\/span><\/p>\t\t\t\t\t\t\t\t<\/div>\n\t\t\t\t<\/div>\n\t\t\t\t<\/div>\n\t\t<div class=\"elementor-element elementor-element-17f5456 e-con-full e-flex e-con e-child\" data-id=\"17f5456\" data-element_type=\"container\">\n\t\t\t\t<div class=\"elementor-element elementor-element-8b886c0 elementor-widget elementor-widget-image\" data-id=\"8b886c0\" data-element_type=\"widget\" data-widget_type=\"image.default\">\n\t\t\t\t<div class=\"elementor-widget-container\">\n\t\t\t\t\t\t\t\t\t\t\t\t\t\t\t<img fetchpriority=\"high\" decoding=\"async\" width=\"400\" height=\"300\" src=\"https:\/\/styrotop.com\/wp-content\/uploads\/2024\/02\/elektricni-rezalnik-stiroporja-po-meri-dolzina-reza-2-styrotop.png\" class=\"attachment-large size-large wp-image-9431\" alt=\"Elektri\u010dni rezalnik stiroporja po meri - dol\u017eina reza - Styrotop ro\u010dni rezalnik stiroporja\" \/>\t\t\t\t\t\t\t\t\t\t\t\t\t\t\t<\/div>\n\t\t\t\t<\/div>\n\t\t\t\t<\/div>\n\t\t\t\t\t<\/div>\n\t\t\t\t<\/div>\n\t\t<div class=\"elementor-element elementor-element-c496378 e-flex e-con-boxed e-con e-parent\" data-id=\"c496378\" data-element_type=\"container\">\n\t\t\t\t\t<div class=\"e-con-inner\">\n\t\t\t\t<div class=\"elementor-element elementor-element-baa1251 elementor-widget elementor-widget-heading\" data-id=\"baa1251\" data-element_type=\"widget\" data-widget_type=\"heading.default\">\n\t\t\t\t<div class=\"elementor-widget-container\">\n\t\t\t\t\t<h2 class=\"elementor-heading-title elementor-size-default\">Benutzerdefinierter M-PRO Styroporschneider Konfigurator<\/h2>\t\t\t\t<\/div>\n\t\t\t\t<\/div>\n\t\t\t\t<div class=\"elementor-element elementor-element-4a783c2 elementor-widget elementor-widget-wpforms\" data-id=\"4a783c2\" data-element_type=\"widget\" data-widget_type=\"wpforms.default\">\n\t\t\t\t<div class=\"elementor-widget-container\">\n\t\t\t\t\t<div class=\"wpforms-container\" id=\"wpforms-9445\"><form id=\"wpforms-form-9445\" class=\"wpforms-validate wpforms-form wpforms-ajax-form\" data-formid=\"9445\" method=\"post\" enctype=\"multipart\/form-data\" action=\"\/de\/wp-json\/wp\/v2\/pages\/9425\" data-token=\"ef962e65df7398ce407db0570752473a\" data-token-time=\"1776688112\" data-trp-original-action=\"\/de\/wp-json\/wp\/v2\/pages\/9425\"><noscript class=\"wpforms-error-noscript\">Bitte aktiviere JavaScript in deinem Browser, um dieses Formular fertigzustellen.<\/noscript><div class=\"wpforms-field-container\"><div id=\"wpforms-9445-field_4-container\" class=\"wpforms-field wpforms-field-number-slider\" data-field-id=\"4\"><label class=\"wpforms-field-label\" for=\"wpforms-9445-field_4\">W\u00e4hlen Sie die Schnittl\u00e4nge<\/label>\n<input\n\ttype=\"range\"\n\tid=\"wpforms-9445-field_4\" class=\"wpforms-field-large\" name=\"wpforms[fields][4]\" value=\"1250\"\t\tmin=\"1100\"\n\tmax=\"2100\"\n\tstep=\"10\">\n\n<div class=\"wpforms-field-number-slider-hint\"\n\tdata-hint=\"Dol\u017eina reza v [mm]: {value}\">\n\tSchnittl\u00e4nge in [mm]: <b>1250<\/b><\/div>\n<div class=\"wpforms-field-description\">W\u00e4hlen Sie mithilfe des obigen Schiebereglers die gew\u00fcnschte Schnittl\u00e4nge aus. Sie k\u00f6nnen zwischen L\u00e4ngen von 1100 und 2100 mm w\u00e4hlen.<\/div><\/div><div id=\"wpforms-9445-field_0-container\" class=\"wpforms-field wpforms-field-name\" data-field-id=\"0\"><label class=\"wpforms-field-label\" for=\"wpforms-9445-field_0\">Nachname und Vorname <span class=\"wpforms-required-label\">*<\/span><\/label><div class=\"wpforms-field-row wpforms-field-large\"><div class=\"wpforms-field-row-block wpforms-first wpforms-one-half\"><input type=\"text\" id=\"wpforms-9445-field_0\" class=\"wpforms-field-name-first wpforms-field-required\" name=\"wpforms[fields][0][first]\" required><label for=\"wpforms-9445-field_0\" class=\"wpforms-field-sublabel after wpforms-sublabel-hide\">Vorname<\/label><\/div><div class=\"wpforms-field-row-block wpforms-one-half\"><input type=\"text\" id=\"wpforms-9445-field_0-last\" class=\"wpforms-field-name-last wpforms-field-required\" name=\"wpforms[fields][0][last]\" required><label for=\"wpforms-9445-field_0-last\" class=\"wpforms-field-sublabel after wpforms-sublabel-hide\">Nachname<\/label><\/div><\/div><\/div><div id=\"wpforms-9445-field_9-container\" class=\"wpforms-field wpforms-field-number\" data-field-id=\"9\"><label class=\"wpforms-field-label\" for=\"wpforms-9445-field_9\">Telefonnummer<\/label><input type=\"number\" id=\"wpforms-9445-field_9\" class=\"wpforms-field-large\" name=\"wpforms[fields][9]\" placeholder=\"Geben Sie optional Ihre Telefonnummer an, unter der wir Sie erreichen k\u00f6nnen\" step=\"any\" ><\/div><div id=\"wpforms-9445-field_1-container\" class=\"wpforms-field wpforms-field-email\" data-field-id=\"1\"><label class=\"wpforms-field-label\" for=\"wpforms-9445-field_1\">Ihre E-Mail-Adresse <span class=\"wpforms-required-label\">*<\/span><\/label><input type=\"email\" id=\"wpforms-9445-field_1\" class=\"wpforms-field-large wpforms-field-required\" name=\"wpforms[fields][1]\" placeholder=\"Geben Sie Ihre E-Mail-Adresse ein, an die wir Ihnen das Angebot senden k\u00f6nnen\" spellcheck=\"false\" required><\/div><div id=\"wpforms-9445-field_2-container\" class=\"wpforms-field wpforms-field-textarea\" data-field-id=\"2\"><label class=\"wpforms-field-label\" for=\"wpforms-9445-field_2\">Anmerkungen<\/label><textarea id=\"wpforms-9445-field_2\" class=\"wpforms-field-medium\" name=\"wpforms[fields][2]\" ><\/textarea><\/div><\/div><!-- .wpforms-field-container --><div class=\"wpforms-submit-container\" ><input type=\"hidden\" name=\"wpforms[id]\" value=\"9445\"><input type=\"hidden\" name=\"page_title\" value=\"\"><input type=\"hidden\" name=\"page_url\" value=\"https:\/\/styrotop.com\/de\/wp-json\/wp\/v2\/pages\/9425\"><input type=\"hidden\" name=\"url_referer\" value=\"\"><button type=\"submit\" name=\"wpforms[submit]\" id=\"wpforms-submit-9445\" class=\"wpforms-submit\" data-alt-text=\"Oddajam...\" data-submit-text=\"Oddaj povpra\u0161evanje\" aria-live=\"assertive\" value=\"wpforms-submit\">ANFRAGE ABSENDEN<\/button><img decoding=\"async\" src=\"https:\/\/styrotop.com\/wp-content\/plugins\/wpforms-lite\/assets\/images\/submit-spin.svg\" class=\"wpforms-submit-spinner\" style=\"display: none;\" width=\"26\" height=\"26\" alt=\"Wird geladen\"><\/div><input type=\"hidden\" name=\"trp-form-language\" value=\"de\"\/><\/form><\/div>  <!-- .wpforms-container -->\t\t\t\t<\/div>\n\t\t\t\t<\/div>\n\t\t\t\t\t<\/div>\n\t\t\t\t<\/div>\n\t\t\t\t<\/div>","protected":false},"excerpt":{"rendered":"<p>Rezalnik stiroporja M-PRO po meri Konfigurirajte svoj rezalnik stiroporja Pri ustvarjanju svojih projektov je klju\u010dnega pomena imeti orodje, ki je prilagojeno va\u0161im specifi\u010dnim zahtevam. Konfigurirajte svoj rezalnik stiroporja z \u017eeleno dol\u017eino reza s pomo\u010djo spodnjega konfiguratorja, po\u0161ljite povpra\u0161evanje in v kratkem vam bomo posredovali ponudbo. Konfigurator M-PRO rezalnika stiroporja po meri Please enable JavaScript in [&hellip;]<\/p>","protected":false},"author":2,"featured_media":0,"parent":0,"menu_order":0,"comment_status":"closed","ping_status":"closed","template":"","meta":{"site-sidebar-layout":"no-sidebar","site-content-layout":"page-builder","ast-site-content-layout":"full-width-container","site-content-style":"default","site-sidebar-style":"default","ast-global-header-display":"","ast-banner-title-visibility":"","ast-main-header-display":"","ast-hfb-above-header-display":"","ast-hfb-below-header-display":"","ast-hfb-mobile-header-display":"","site-post-title":"disabled","ast-breadcrumbs-content":"","ast-featured-img":"disabled","footer-sml-layout":"","theme-transparent-header-meta":"","adv-header-id-meta":"","stick-header-meta":"","header-above-stick-meta":"","header-main-stick-meta":"","header-below-stick-meta":"","astra-migrate-meta-layouts":"set","ast-page-background-enabled":"default","ast-page-background-meta":{"desktop":{"background-color":"","background-image":"","background-repeat":"repeat","background-position":"center center","background-size":"auto","background-attachment":"scroll","background-type":"","background-media":"","overlay-type":"","overlay-color":"","overlay-opacity":"","overlay-gradient":""},"tablet":{"background-color":"","background-image":"","background-repeat":"repeat","background-position":"center center","background-size":"auto","background-attachment":"scroll","background-type":"","background-media":"","overlay-type":"","overlay-color":"","overlay-opacity":"","overlay-gradient":""},"mobile":{"background-color":"","background-image":"","background-repeat":"repeat","background-position":"center center","background-size":"auto","background-attachment":"scroll","background-type":"","background-media":"","overlay-type":"","overlay-color":"","overlay-opacity":"","overlay-gradient":""}},"ast-content-background-meta":{"desktop":{"background-color":"var(--ast-global-color-5)","background-image":"","background-repeat":"repeat","background-position":"center center","background-size":"auto","background-attachment":"scroll","background-type":"","background-media":"","overlay-type":"","overlay-color":"","overlay-opacity":"","overlay-gradient":""},"tablet":{"background-color":"var(--ast-global-color-5)","background-image":"","background-repeat":"repeat","background-position":"center center","background-size":"auto","background-attachment":"scroll","background-type":"","background-media":"","overlay-type":"","overlay-color":"","overlay-opacity":"","overlay-gradient":""},"mobile":{"background-color":"var(--ast-global-color-5)","background-image":"","background-repeat":"repeat","background-position":"center center","background-size":"auto","background-attachment":"scroll","background-type":"","background-media":"","overlay-type":"","overlay-color":"","overlay-opacity":"","overlay-gradient":""}},"iawp_total_views":97,"footnotes":""},"class_list":["post-9425","page","type-page","status-publish","hentry"],"yoast_head":"<!-- This site is optimized with the Yoast SEO plugin v25.7 - https:\/\/yoast.com\/wordpress\/plugins\/seo\/ -->\n<title>Elektri\u010dni rezalnik stiroporja M-PRO po meri - Styrotop<\/title>\n<meta name=\"robots\" content=\"index, follow, max-snippet:-1, max-image-preview:large, max-video-preview:-1\" \/>\n<link rel=\"canonical\" href=\"https:\/\/styrotop.com\/de\/rezalnik-stiroporja-po-meri\/\" \/>\n<meta property=\"og:locale\" content=\"de_DE\" \/>\n<meta property=\"og:type\" content=\"article\" \/>\n<meta property=\"og:title\" content=\"Elektri\u010dni rezalnik stiroporja M-PRO po meri - Styrotop\" \/>\n<meta property=\"og:description\" content=\"Rezalnik stiroporja M-PRO po meri Konfigurirajte svoj rezalnik stiroporja Pri ustvarjanju svojih projektov je klju\u010dnega pomena imeti orodje, ki je prilagojeno va\u0161im specifi\u010dnim zahtevam. Konfigurirajte svoj rezalnik stiroporja z \u017eeleno dol\u017eino reza s pomo\u010djo spodnjega konfiguratorja, po\u0161ljite povpra\u0161evanje in v kratkem vam bomo posredovali ponudbo. Konfigurator M-PRO rezalnika stiroporja po meri Please enable JavaScript in [&hellip;]\" \/>\n<meta property=\"og:url\" content=\"https:\/\/styrotop.com\/de\/rezalnik-stiroporja-po-meri\/\" \/>\n<meta property=\"og:site_name\" content=\"Styrotop\" \/>\n<meta property=\"article:modified_time\" content=\"2024-03-17T20:20:31+00:00\" \/>\n<meta property=\"og:image\" content=\"https:\/\/styrotop.com\/wp-content\/uploads\/2024\/02\/elektricni-rezalnik-stiroporja-po-meri-dolzina-reza-2-styrotop.png\" \/>\n<meta name=\"twitter:card\" content=\"summary_large_image\" \/>\n<meta name=\"twitter:label1\" content=\"Gesch\u00e4tzte Lesezeit\" \/>\n\t<meta name=\"twitter:data1\" content=\"1\u00a0Minute\" \/>\n<script type=\"application\/ld+json\" class=\"yoast-schema-graph\">{\"@context\":\"https:\/\/schema.org\",\"@graph\":[{\"@type\":\"WebPage\",\"@id\":\"https:\/\/styrotop.com\/rezalnik-stiroporja-po-meri\/\",\"url\":\"https:\/\/styrotop.com\/rezalnik-stiroporja-po-meri\/\",\"name\":\"Elektri\u010dni rezalnik stiroporja M-PRO po meri - Styrotop\",\"isPartOf\":{\"@id\":\"https:\/\/styrotop.com\/#website\"},\"primaryImageOfPage\":{\"@id\":\"https:\/\/styrotop.com\/rezalnik-stiroporja-po-meri\/#primaryimage\"},\"image\":{\"@id\":\"https:\/\/styrotop.com\/rezalnik-stiroporja-po-meri\/#primaryimage\"},\"thumbnailUrl\":\"https:\/\/styrotop.com\/wp-content\/uploads\/2024\/02\/elektricni-rezalnik-stiroporja-po-meri-dolzina-reza-2-styrotop.png\",\"datePublished\":\"2024-02-27T21:58:38+00:00\",\"dateModified\":\"2024-03-17T20:20:31+00:00\",\"breadcrumb\":{\"@id\":\"https:\/\/styrotop.com\/rezalnik-stiroporja-po-meri\/#breadcrumb\"},\"inLanguage\":\"de\",\"potentialAction\":[{\"@type\":\"ReadAction\",\"target\":[\"https:\/\/styrotop.com\/rezalnik-stiroporja-po-meri\/\"]}]},{\"@type\":\"ImageObject\",\"inLanguage\":\"de\",\"@id\":\"https:\/\/styrotop.com\/rezalnik-stiroporja-po-meri\/#primaryimage\",\"url\":\"https:\/\/styrotop.com\/wp-content\/uploads\/2024\/02\/elektricni-rezalnik-stiroporja-po-meri-dolzina-reza-2-styrotop.png\",\"contentUrl\":\"https:\/\/styrotop.com\/wp-content\/uploads\/2024\/02\/elektricni-rezalnik-stiroporja-po-meri-dolzina-reza-2-styrotop.png\"},{\"@type\":\"BreadcrumbList\",\"@id\":\"https:\/\/styrotop.com\/rezalnik-stiroporja-po-meri\/#breadcrumb\",\"itemListElement\":[{\"@type\":\"ListItem\",\"position\":1,\"name\":\"Home\",\"item\":\"https:\/\/styrotop.com\/\"},{\"@type\":\"ListItem\",\"position\":2,\"name\":\"Elektri\u010dni rezalnik stiroporja M-PRO po meri\"}]},{\"@type\":\"WebSite\",\"@id\":\"https:\/\/styrotop.com\/#website\",\"url\":\"https:\/\/styrotop.com\/\",\"name\":\"Styrotop\",\"description\":\"Rezalnik stiroporja in stirodurja\",\"publisher\":{\"@id\":\"https:\/\/styrotop.com\/#organization\"},\"potentialAction\":[{\"@type\":\"SearchAction\",\"target\":{\"@type\":\"EntryPoint\",\"urlTemplate\":\"https:\/\/styrotop.com\/?s={search_term_string}\"},\"query-input\":{\"@type\":\"PropertyValueSpecification\",\"valueRequired\":true,\"valueName\":\"search_term_string\"}}],\"inLanguage\":\"de\"},{\"@type\":\"Organization\",\"@id\":\"https:\/\/styrotop.com\/#organization\",\"name\":\"M-produktivno, Igor Marin\u010d s.p.\",\"url\":\"https:\/\/styrotop.com\/\",\"logo\":{\"@type\":\"ImageObject\",\"inLanguage\":\"de\",\"@id\":\"https:\/\/styrotop.com\/#\/schema\/logo\/image\/\",\"url\":\"https:\/\/styrotop.com\/wp-content\/uploads\/2022\/06\/styrotop-logo-black.png\",\"contentUrl\":\"https:\/\/styrotop.com\/wp-content\/uploads\/2022\/06\/styrotop-logo-black.png\",\"width\":536,\"height\":162,\"caption\":\"M-produktivno, Igor Marin\u010d s.p.\"},\"image\":{\"@id\":\"https:\/\/styrotop.com\/#\/schema\/logo\/image\/\"}}]}<\/script>\n<!-- \/ Yoast SEO plugin. -->","yoast_head_json":{"title":"Elektri\u010dni rezalnik stiroporja M-PRO po meri - Styrotop","robots":{"index":"index","follow":"follow","max-snippet":"max-snippet:-1","max-image-preview":"max-image-preview:large","max-video-preview":"max-video-preview:-1"},"canonical":"https:\/\/styrotop.com\/de\/rezalnik-stiroporja-po-meri\/","og_locale":"de_DE","og_type":"article","og_title":"Elektri\u010dni rezalnik stiroporja M-PRO po meri - Styrotop","og_description":"Rezalnik stiroporja M-PRO po meri Konfigurirajte svoj rezalnik stiroporja Pri ustvarjanju svojih projektov je klju\u010dnega pomena imeti orodje, ki je prilagojeno va\u0161im specifi\u010dnim zahtevam. Konfigurirajte svoj rezalnik stiroporja z \u017eeleno dol\u017eino reza s pomo\u010djo spodnjega konfiguratorja, po\u0161ljite povpra\u0161evanje in v kratkem vam bomo posredovali ponudbo. Konfigurator M-PRO rezalnika stiroporja po meri Please enable JavaScript in [&hellip;]","og_url":"https:\/\/styrotop.com\/de\/rezalnik-stiroporja-po-meri\/","og_site_name":"Styrotop","article_modified_time":"2024-03-17T20:20:31+00:00","og_image":[{"url":"https:\/\/styrotop.com\/wp-content\/uploads\/2024\/02\/elektricni-rezalnik-stiroporja-po-meri-dolzina-reza-2-styrotop.png","type":"","width":"","height":""}],"twitter_card":"summary_large_image","twitter_misc":{"Gesch\u00e4tzte Lesezeit":"1\u00a0Minute"},"schema":{"@context":"https:\/\/schema.org","@graph":[{"@type":"WebPage","@id":"https:\/\/styrotop.com\/rezalnik-stiroporja-po-meri\/","url":"https:\/\/styrotop.com\/rezalnik-stiroporja-po-meri\/","name":"Elektri\u010dni rezalnik stiroporja M-PRO po meri - Styrotop","isPartOf":{"@id":"https:\/\/styrotop.com\/#website"},"primaryImageOfPage":{"@id":"https:\/\/styrotop.com\/rezalnik-stiroporja-po-meri\/#primaryimage"},"image":{"@id":"https:\/\/styrotop.com\/rezalnik-stiroporja-po-meri\/#primaryimage"},"thumbnailUrl":"https:\/\/styrotop.com\/wp-content\/uploads\/2024\/02\/elektricni-rezalnik-stiroporja-po-meri-dolzina-reza-2-styrotop.png","datePublished":"2024-02-27T21:58:38+00:00","dateModified":"2024-03-17T20:20:31+00:00","breadcrumb":{"@id":"https:\/\/styrotop.com\/rezalnik-stiroporja-po-meri\/#breadcrumb"},"inLanguage":"de","potentialAction":[{"@type":"ReadAction","target":["https:\/\/styrotop.com\/rezalnik-stiroporja-po-meri\/"]}]},{"@type":"ImageObject","inLanguage":"de","@id":"https:\/\/styrotop.com\/rezalnik-stiroporja-po-meri\/#primaryimage","url":"https:\/\/styrotop.com\/wp-content\/uploads\/2024\/02\/elektricni-rezalnik-stiroporja-po-meri-dolzina-reza-2-styrotop.png","contentUrl":"https:\/\/styrotop.com\/wp-content\/uploads\/2024\/02\/elektricni-rezalnik-stiroporja-po-meri-dolzina-reza-2-styrotop.png"},{"@type":"BreadcrumbList","@id":"https:\/\/styrotop.com\/rezalnik-stiroporja-po-meri\/#breadcrumb","itemListElement":[{"@type":"ListItem","position":1,"name":"Home","item":"https:\/\/styrotop.com\/"},{"@type":"ListItem","position":2,"name":"Elektri\u010dni rezalnik stiroporja M-PRO po meri"}]},{"@type":"WebSite","@id":"https:\/\/styrotop.com\/#website","url":"https:\/\/styrotop.com\/","name":"Styrotop","description":"Rezalnik stiroporja in stirodurja","publisher":{"@id":"https:\/\/styrotop.com\/#organization"},"potentialAction":[{"@type":"SearchAction","target":{"@type":"EntryPoint","urlTemplate":"https:\/\/styrotop.com\/?s={search_term_string}"},"query-input":{"@type":"PropertyValueSpecification","valueRequired":true,"valueName":"search_term_string"}}],"inLanguage":"de"},{"@type":"Organization","@id":"https:\/\/styrotop.com\/#organization","name":"M-produktivno, Igor Marin\u010d s.p.","url":"https:\/\/styrotop.com\/","logo":{"@type":"ImageObject","inLanguage":"de","@id":"https:\/\/styrotop.com\/#\/schema\/logo\/image\/","url":"https:\/\/styrotop.com\/wp-content\/uploads\/2022\/06\/styrotop-logo-black.png","contentUrl":"https:\/\/styrotop.com\/wp-content\/uploads\/2022\/06\/styrotop-logo-black.png","width":536,"height":162,"caption":"M-produktivno, Igor Marin\u010d s.p."},"image":{"@id":"https:\/\/styrotop.com\/#\/schema\/logo\/image\/"}}]}},"_links":{"self":[{"href":"https:\/\/styrotop.com\/de\/wp-json\/wp\/v2\/pages\/9425","targetHints":{"allow":["GET"]}}],"collection":[{"href":"https:\/\/styrotop.com\/de\/wp-json\/wp\/v2\/pages"}],"about":[{"href":"https:\/\/styrotop.com\/de\/wp-json\/wp\/v2\/types\/page"}],"author":[{"embeddable":true,"href":"https:\/\/styrotop.com\/de\/wp-json\/wp\/v2\/users\/2"}],"replies":[{"embeddable":true,"href":"https:\/\/styrotop.com\/de\/wp-json\/wp\/v2\/comments?post=9425"}],"version-history":[{"count":0,"href":"https:\/\/styrotop.com\/de\/wp-json\/wp\/v2\/pages\/9425\/revisions"}],"wp:attachment":[{"href":"https:\/\/styrotop.com\/de\/wp-json\/wp\/v2\/media?parent=9425"}],"curies":[{"name":"wp","href":"https:\/\/api.w.org\/{rel}","templated":true}]}}