{"id":8722,"date":"2022-06-09T16:42:05","date_gmt":"2022-06-09T16:42:05","guid":{"rendered":"https:\/\/styrotop.com\/?post_type=product&#038;p=8722"},"modified":"2026-02-04T09:28:45","modified_gmt":"2026-02-04T08:28:45","slug":"rezalnik-za-stiropor-in-stirodur-m-pro","status":"publish","type":"product","link":"https:\/\/styrotop.com\/de\/produkt\/rezalnik-za-stiropor-in-stirodur-m-pro\/","title":{"rendered":"M-PRO Styroporschneider"},"content":{"rendered":"<p>Der M-Pro Styroporschneider ist ein ideales Werkzeug zum Schneiden verschiedener l\u00f6slicher D\u00e4mmstoffe. Er garantiert einen sicheren, glatten und \u00e4u\u00dferst pr\u00e4zisen Schnitt.<\/p>\n<p>Ein weiterer Vorteil ist auch das Zuschneiden von Platten nach Dicke und die Herstellung verschiedener Kan\u00e4le f\u00fcr Rohre.<\/p>\n<p>Der Styroporschneider ist f\u00fcr den professionellen Einsatz bei Arbeiten an Fassaden, Fu\u00dfbodenheizungen, in der Industrie und \u00e4hnlichen Anwendungen bestimmt.<\/p>\n<p>Unser Garn besteht aus Kantal und hat eine extrem lange Lebensdauer. Verwenden Sie einen unserer Cutter, um Zeit zu sparen und die Qualit\u00e4t zu verbessern. Dar\u00fcber hinaus k\u00f6nnen Sie unn\u00f6tigen Abfall vermeiden, wenn Sie das Garn pr\u00e4zise und effizient schneiden.<\/p>\n<div class=\"et_pb_column et_pb_column_1_2 et_pb_column_3 et_pb_css_mix_blend_mode_passthrough\">\n<div class=\"et_pb_module et_pb_text et_pb_text_2 et_pb_text_align_left et_pb_bg_layout_light\">\n<div class=\"et_pb_text_inner\">\n<h2>Technische Detailen<\/h2>\n<ul>\n<li>Dol\u017eina reza: 125 cm<\/li>\n<li>Schnittst\u00e4rke: 28 cm<\/li>\n<li>Schnittgeschwindigkeit: 2 cm\/s<\/li>\n<li>Anschluss: 230V<\/li>\n<li>Ausgang: 37 V<\/li>\n<\/ul>\n<\/div>\n<\/div>\n<\/div>","protected":false},"excerpt":{"rendered":"<p>Der M-Pro Styroporschneider ist ein ideales Werkzeug zum Schneiden verschiedener l\u00f6slicher D\u00e4mmstoffe. Er garantiert einen sicheren, glatten und \u00e4u\u00dferst pr\u00e4zisen Schnitt.<\/p>","protected":false},"featured_media":8698,"template":"","meta":{"site-sidebar-layout":"default","site-content-layout":"","ast-site-content-layout":"default","site-content-style":"default","site-sidebar-style":"default","ast-global-header-display":"","ast-banner-title-visibility":"","ast-main-header-display":"","ast-hfb-above-header-display":"","ast-hfb-below-header-display":"","ast-hfb-mobile-header-display":"","site-post-title":"","ast-breadcrumbs-content":"","ast-featured-img":"","footer-sml-layout":"","theme-transparent-header-meta":"default","adv-header-id-meta":"","stick-header-meta":"","header-above-stick-meta":"","header-main-stick-meta":"","header-below-stick-meta":"","astra-migrate-meta-layouts":"set","ast-page-background-enabled":"default","ast-page-background-meta":{"desktop":{"background-color":"","background-image":"","background-repeat":"repeat","background-position":"center center","background-size":"auto","background-attachment":"scroll","background-type":"","background-media":"","overlay-type":"","overlay-color":"","overlay-opacity":"","overlay-gradient":""},"tablet":{"background-color":"","background-image":"","background-repeat":"repeat","background-position":"center center","background-size":"auto","background-attachment":"scroll","background-type":"","background-media":"","overlay-type":"","overlay-color":"","overlay-opacity":"","overlay-gradient":""},"mobile":{"background-color":"","background-image":"","background-repeat":"repeat","background-position":"center center","background-size":"auto","background-attachment":"scroll","background-type":"","background-media":"","overlay-type":"","overlay-color":"","overlay-opacity":"","overlay-gradient":""}},"ast-content-background-meta":{"desktop":{"background-color":"var(--ast-global-color-5)","background-image":"","background-repeat":"repeat","background-position":"center center","background-size":"auto","background-attachment":"scroll","background-type":"","background-media":"","overlay-type":"","overlay-color":"","overlay-opacity":"","overlay-gradient":""},"tablet":{"background-color":"var(--ast-global-color-5)","background-image":"","background-repeat":"repeat","background-position":"center center","background-size":"auto","background-attachment":"scroll","background-type":"","background-media":"","overlay-type":"","overlay-color":"","overlay-opacity":"","overlay-gradient":""},"mobile":{"background-color":"var(--ast-global-color-5)","background-image":"","background-repeat":"repeat","background-position":"center center","background-size":"auto","background-attachment":"scroll","background-type":"","background-media":"","overlay-type":"","overlay-color":"","overlay-opacity":"","overlay-gradient":""}},"iawp_total_views":1679},"product_brand":[],"product_cat":[76],"product_tag":[],"class_list":{"0":"post-8722","1":"product","2":"type-product","3":"status-publish","4":"has-post-thumbnail","6":"product_cat-rezalniki-za-stiropor","7":"product_shipping_class-glavni-produkt","8":"pa_dolzina-rezalnika-model-m-pro-l-1150mm","9":"pa_dolzina-rezalnika-model-m-pro-l-1250mm","10":"desktop-align-left","11":"tablet-align-left","12":"mobile-align-left","14":"first","15":"instock","16":"taxable","17":"shipping-taxable","18":"purchasable","19":"product-type-simple"},"yoast_head":"<!-- This site is optimized with the Yoast SEO plugin v25.7 - https:\/\/yoast.com\/wordpress\/plugins\/seo\/ -->\n<title>Rezalnik za stiropor in stirodur M-PRO - Styrotop<\/title>\n<meta name=\"robots\" content=\"index, follow, max-snippet:-1, max-image-preview:large, max-video-preview:-1\" \/>\n<link rel=\"canonical\" href=\"https:\/\/styrotop.com\/de\/produkt\/rezalnik-za-stiropor-in-stirodur-m-pro\/\" \/>\n<meta property=\"og:locale\" content=\"de_DE\" \/>\n<meta property=\"og:type\" content=\"article\" \/>\n<meta property=\"og:title\" content=\"Rezalnik za stiropor in stirodur M-PRO - Styrotop\" \/>\n<meta property=\"og:description\" content=\"Rezalnik za stiropor in stirodur M-Pro je idealen pripomo\u010dek za rezanje vseh vrst izolacijskih materialov. Zagotavlja vam varen, gladek in izredno natan\u010den rez.\" \/>\n<meta property=\"og:url\" content=\"https:\/\/styrotop.com\/de\/produkt\/rezalnik-za-stiropor-in-stirodur-m-pro\/\" \/>\n<meta property=\"og:site_name\" content=\"Styrotop\" \/>\n<meta property=\"article:modified_time\" content=\"2026-02-04T08:28:45+00:00\" \/>\n<meta property=\"og:image\" content=\"https:\/\/styrotop.com\/wp-content\/uploads\/2022\/06\/Rezalnik-transparent.png\" \/>\n\t<meta property=\"og:image:width\" content=\"2376\" \/>\n\t<meta property=\"og:image:height\" content=\"1645\" \/>\n\t<meta property=\"og:image:type\" content=\"image\/png\" \/>\n<meta name=\"twitter:card\" content=\"summary_large_image\" \/>\n<meta name=\"twitter:label1\" content=\"Gesch\u00e4tzte Lesezeit\" \/>\n\t<meta name=\"twitter:data1\" content=\"1\u00a0Minute\" \/>\n<script type=\"application\/ld+json\" class=\"yoast-schema-graph\">{\"@context\":\"https:\/\/schema.org\",\"@graph\":[{\"@type\":\"WebPage\",\"@id\":\"https:\/\/styrotop.com\/izdelek\/rezalnik-za-stiropor-in-stirodur-m-pro\/\",\"url\":\"https:\/\/styrotop.com\/izdelek\/rezalnik-za-stiropor-in-stirodur-m-pro\/\",\"name\":\"Rezalnik za stiropor in stirodur M-PRO - Styrotop\",\"isPartOf\":{\"@id\":\"https:\/\/styrotop.com\/#website\"},\"primaryImageOfPage\":{\"@id\":\"https:\/\/styrotop.com\/izdelek\/rezalnik-za-stiropor-in-stirodur-m-pro\/#primaryimage\"},\"image\":{\"@id\":\"https:\/\/styrotop.com\/izdelek\/rezalnik-za-stiropor-in-stirodur-m-pro\/#primaryimage\"},\"thumbnailUrl\":\"https:\/\/styrotop.com\/wp-content\/uploads\/2022\/06\/Rezalnik-transparent.png\",\"datePublished\":\"2022-06-09T16:42:05+00:00\",\"dateModified\":\"2026-02-04T08:28:45+00:00\",\"breadcrumb\":{\"@id\":\"https:\/\/styrotop.com\/izdelek\/rezalnik-za-stiropor-in-stirodur-m-pro\/#breadcrumb\"},\"inLanguage\":\"de\",\"potentialAction\":[{\"@type\":\"ReadAction\",\"target\":[\"https:\/\/styrotop.com\/izdelek\/rezalnik-za-stiropor-in-stirodur-m-pro\/\"]}]},{\"@type\":\"ImageObject\",\"inLanguage\":\"de\",\"@id\":\"https:\/\/styrotop.com\/izdelek\/rezalnik-za-stiropor-in-stirodur-m-pro\/#primaryimage\",\"url\":\"https:\/\/styrotop.com\/wp-content\/uploads\/2022\/06\/Rezalnik-transparent.png\",\"contentUrl\":\"https:\/\/styrotop.com\/wp-content\/uploads\/2022\/06\/Rezalnik-transparent.png\",\"width\":2376,\"height\":1645},{\"@type\":\"BreadcrumbList\",\"@id\":\"https:\/\/styrotop.com\/izdelek\/rezalnik-za-stiropor-in-stirodur-m-pro\/#breadcrumb\",\"itemListElement\":[{\"@type\":\"ListItem\",\"position\":1,\"name\":\"Home\",\"item\":\"https:\/\/styrotop.com\/\"},{\"@type\":\"ListItem\",\"position\":2,\"name\":\"Spletna Trgovina\",\"item\":\"https:\/\/styrotop.com\/spletna-trgovina\/\"},{\"@type\":\"ListItem\",\"position\":3,\"name\":\"Rezalnik za stiropor in stirodur M-PRO\"}]},{\"@type\":\"WebSite\",\"@id\":\"https:\/\/styrotop.com\/#website\",\"url\":\"https:\/\/styrotop.com\/\",\"name\":\"Styrotop\",\"description\":\"Rezalnik stiroporja in stirodurja\",\"publisher\":{\"@id\":\"https:\/\/styrotop.com\/#organization\"},\"potentialAction\":[{\"@type\":\"SearchAction\",\"target\":{\"@type\":\"EntryPoint\",\"urlTemplate\":\"https:\/\/styrotop.com\/?s={search_term_string}\"},\"query-input\":{\"@type\":\"PropertyValueSpecification\",\"valueRequired\":true,\"valueName\":\"search_term_string\"}}],\"inLanguage\":\"de\"},{\"@type\":\"Organization\",\"@id\":\"https:\/\/styrotop.com\/#organization\",\"name\":\"M-produktivno, Igor Marin\u010d s.p.\",\"url\":\"https:\/\/styrotop.com\/\",\"logo\":{\"@type\":\"ImageObject\",\"inLanguage\":\"de\",\"@id\":\"https:\/\/styrotop.com\/#\/schema\/logo\/image\/\",\"url\":\"https:\/\/styrotop.com\/wp-content\/uploads\/2022\/06\/styrotop-logo-black.png\",\"contentUrl\":\"https:\/\/styrotop.com\/wp-content\/uploads\/2022\/06\/styrotop-logo-black.png\",\"width\":536,\"height\":162,\"caption\":\"M-produktivno, Igor Marin\u010d s.p.\"},\"image\":{\"@id\":\"https:\/\/styrotop.com\/#\/schema\/logo\/image\/\"}}]}<\/script>\n<!-- \/ Yoast SEO plugin. -->","yoast_head_json":{"title":"Rezalnik za stiropor in stirodur M-PRO - Styrotop","robots":{"index":"index","follow":"follow","max-snippet":"max-snippet:-1","max-image-preview":"max-image-preview:large","max-video-preview":"max-video-preview:-1"},"canonical":"https:\/\/styrotop.com\/de\/produkt\/rezalnik-za-stiropor-in-stirodur-m-pro\/","og_locale":"de_DE","og_type":"article","og_title":"Rezalnik za stiropor in stirodur M-PRO - Styrotop","og_description":"Rezalnik za stiropor in stirodur M-Pro je idealen pripomo\u010dek za rezanje vseh vrst izolacijskih materialov. Zagotavlja vam varen, gladek in izredno natan\u010den rez.","og_url":"https:\/\/styrotop.com\/de\/produkt\/rezalnik-za-stiropor-in-stirodur-m-pro\/","og_site_name":"Styrotop","article_modified_time":"2026-02-04T08:28:45+00:00","og_image":[{"width":2376,"height":1645,"url":"https:\/\/styrotop.com\/wp-content\/uploads\/2022\/06\/Rezalnik-transparent.png","type":"image\/png"}],"twitter_card":"summary_large_image","twitter_misc":{"Gesch\u00e4tzte Lesezeit":"1\u00a0Minute"},"schema":{"@context":"https:\/\/schema.org","@graph":[{"@type":"WebPage","@id":"https:\/\/styrotop.com\/izdelek\/rezalnik-za-stiropor-in-stirodur-m-pro\/","url":"https:\/\/styrotop.com\/izdelek\/rezalnik-za-stiropor-in-stirodur-m-pro\/","name":"Rezalnik za stiropor in stirodur M-PRO - Styrotop","isPartOf":{"@id":"https:\/\/styrotop.com\/#website"},"primaryImageOfPage":{"@id":"https:\/\/styrotop.com\/izdelek\/rezalnik-za-stiropor-in-stirodur-m-pro\/#primaryimage"},"image":{"@id":"https:\/\/styrotop.com\/izdelek\/rezalnik-za-stiropor-in-stirodur-m-pro\/#primaryimage"},"thumbnailUrl":"https:\/\/styrotop.com\/wp-content\/uploads\/2022\/06\/Rezalnik-transparent.png","datePublished":"2022-06-09T16:42:05+00:00","dateModified":"2026-02-04T08:28:45+00:00","breadcrumb":{"@id":"https:\/\/styrotop.com\/izdelek\/rezalnik-za-stiropor-in-stirodur-m-pro\/#breadcrumb"},"inLanguage":"de","potentialAction":[{"@type":"ReadAction","target":["https:\/\/styrotop.com\/izdelek\/rezalnik-za-stiropor-in-stirodur-m-pro\/"]}]},{"@type":"ImageObject","inLanguage":"de","@id":"https:\/\/styrotop.com\/izdelek\/rezalnik-za-stiropor-in-stirodur-m-pro\/#primaryimage","url":"https:\/\/styrotop.com\/wp-content\/uploads\/2022\/06\/Rezalnik-transparent.png","contentUrl":"https:\/\/styrotop.com\/wp-content\/uploads\/2022\/06\/Rezalnik-transparent.png","width":2376,"height":1645},{"@type":"BreadcrumbList","@id":"https:\/\/styrotop.com\/izdelek\/rezalnik-za-stiropor-in-stirodur-m-pro\/#breadcrumb","itemListElement":[{"@type":"ListItem","position":1,"name":"Home","item":"https:\/\/styrotop.com\/"},{"@type":"ListItem","position":2,"name":"Spletna Trgovina","item":"https:\/\/styrotop.com\/spletna-trgovina\/"},{"@type":"ListItem","position":3,"name":"Rezalnik za stiropor in stirodur M-PRO"}]},{"@type":"WebSite","@id":"https:\/\/styrotop.com\/#website","url":"https:\/\/styrotop.com\/","name":"Styrotop","description":"Rezalnik stiroporja in stirodurja","publisher":{"@id":"https:\/\/styrotop.com\/#organization"},"potentialAction":[{"@type":"SearchAction","target":{"@type":"EntryPoint","urlTemplate":"https:\/\/styrotop.com\/?s={search_term_string}"},"query-input":{"@type":"PropertyValueSpecification","valueRequired":true,"valueName":"search_term_string"}}],"inLanguage":"de"},{"@type":"Organization","@id":"https:\/\/styrotop.com\/#organization","name":"M-produktivno, Igor Marin\u010d s.p.","url":"https:\/\/styrotop.com\/","logo":{"@type":"ImageObject","inLanguage":"de","@id":"https:\/\/styrotop.com\/#\/schema\/logo\/image\/","url":"https:\/\/styrotop.com\/wp-content\/uploads\/2022\/06\/styrotop-logo-black.png","contentUrl":"https:\/\/styrotop.com\/wp-content\/uploads\/2022\/06\/styrotop-logo-black.png","width":536,"height":162,"caption":"M-produktivno, Igor Marin\u010d s.p."},"image":{"@id":"https:\/\/styrotop.com\/#\/schema\/logo\/image\/"}}]}},"_links":{"self":[{"href":"https:\/\/styrotop.com\/de\/wp-json\/wp\/v2\/product\/8722","targetHints":{"allow":["GET"]}}],"collection":[{"href":"https:\/\/styrotop.com\/de\/wp-json\/wp\/v2\/product"}],"about":[{"href":"https:\/\/styrotop.com\/de\/wp-json\/wp\/v2\/types\/product"}],"wp:featuredmedia":[{"embeddable":true,"href":"https:\/\/styrotop.com\/de\/wp-json\/wp\/v2\/media\/8698"}],"wp:attachment":[{"href":"https:\/\/styrotop.com\/de\/wp-json\/wp\/v2\/media?parent=8722"}],"wp:term":[{"taxonomy":"product_brand","embeddable":true,"href":"https:\/\/styrotop.com\/de\/wp-json\/wp\/v2\/product_brand?post=8722"},{"taxonomy":"product_cat","embeddable":true,"href":"https:\/\/styrotop.com\/de\/wp-json\/wp\/v2\/product_cat?post=8722"},{"taxonomy":"product_tag","embeddable":true,"href":"https:\/\/styrotop.com\/de\/wp-json\/wp\/v2\/product_tag?post=8722"}],"curies":[{"name":"wp","href":"https:\/\/api.w.org\/{rel}","templated":true}]}}