{"id":9295,"date":"2024-02-21T22:49:04","date_gmt":"2024-02-21T21:49:04","guid":{"rendered":"https:\/\/styrotop.com\/?page_id=9295"},"modified":"2024-12-15T22:44:12","modified_gmt":"2024-12-15T21:44:12","slug":"dostava-in-vracila","status":"publish","type":"page","link":"https:\/\/styrotop.com\/en\/dostava-in-vracila\/","title":{"rendered":"Delivery and return policy"},"content":{"rendered":"<div data-elementor-type=\"wp-page\" data-elementor-id=\"9295\" class=\"elementor elementor-9295\">\n\t\t\t\t<div class=\"elementor-element elementor-element-3e650e0 e-flex e-con-boxed e-con e-parent\" data-id=\"3e650e0\" data-element_type=\"container\">\n\t\t\t\t\t<div class=\"e-con-inner\">\n\t\t\t\t<div class=\"elementor-element elementor-element-81b88d6 elementor-widget elementor-widget-spacer\" data-id=\"81b88d6\" data-element_type=\"widget\" data-widget_type=\"spacer.default\">\n\t\t\t\t<div class=\"elementor-widget-container\">\n\t\t\t\t\t\t\t<div class=\"elementor-spacer\">\n\t\t\t<div class=\"elementor-spacer-inner\"><\/div>\n\t\t<\/div>\n\t\t\t\t\t\t<\/div>\n\t\t\t\t<\/div>\n\t\t\t\t<div class=\"elementor-element elementor-element-0e6f116 elementor-widget elementor-widget-heading\" data-id=\"0e6f116\" data-element_type=\"widget\" data-widget_type=\"heading.default\">\n\t\t\t\t<div class=\"elementor-widget-container\">\n\t\t\t\t\t<h2 class=\"elementor-heading-title elementor-size-default\">SHIPPING AND RETURNS<\/h2>\t\t\t\t<\/div>\n\t\t\t\t<\/div>\n\t\t\t\t<div class=\"elementor-element elementor-element-e2e47c5 elementor-widget elementor-widget-spacer\" data-id=\"e2e47c5\" data-element_type=\"widget\" data-widget_type=\"spacer.default\">\n\t\t\t\t<div class=\"elementor-widget-container\">\n\t\t\t\t\t\t\t<div class=\"elementor-spacer\">\n\t\t\t<div class=\"elementor-spacer-inner\"><\/div>\n\t\t<\/div>\n\t\t\t\t\t\t<\/div>\n\t\t\t\t<\/div>\n\t\t\t\t<div class=\"elementor-element elementor-element-3e15296 elementor-widget elementor-widget-text-editor\" data-id=\"3e15296\" data-element_type=\"widget\" data-widget_type=\"text-editor.default\">\n\t\t\t\t<div class=\"elementor-widget-container\">\n\t\t\t\t\t\t\t\t\t<div class=\"entry-content\"><p><strong>RETURNS<\/strong><br \/>Each purchased item can be returned or exchanged by notifying us via email: info@styrotop.com and simply sending the item back to the company's headquarters (with a suitable letter indicating the identity of the returner).<\/p><p>The buyer has the right to inform the company that he withdraws from the contract within 14 days of receiving the goods, without having to give a reason for his decision. The message should be sent to info@styrotop.com. The buyer will receive a confirmation email that the withdrawal from the contract has been accepted.<\/p><p>In the notice of withdrawal, the buyer must state:<\/p><ul><li>Name, surname, and address of the buyer<\/li><li>Name and code of the product<\/li><li>Any preferences for choosing a different size or model of the product<\/li><\/ul><p>Within 14 days of receiving the goods, the buyer must return the goods to the provider's address. The deadline for refunding the purchase price is 14 days.<\/p><p>The only cost charged to the buyer in connection with withdrawal from the contract is the direct cost of returning the goods. The provider will return the entire purchase price to the buyer as soon as possible after returning the goods to the provider's address.<\/p><p>The buyer must return the goods unused, undamaged and in the same quantity as received, unless the goods have been destroyed, lost or their quantity has decreased through no fault of the consumer.<\/p><p>Return costs are covered by the sender, unless otherwise agreed in advance in writing. We do not accept ransom payments. In case of delivery at our expense, we will charge the buyer the return costs according to the valid price list of GLS SLOVENIA. We are not responsible for costs incurred as a result of acting outside the terms of business.<\/p><p>We ship products within the territory of the Republic of Slovenia and abroad.<\/p><p>The consumer must return the goods to the following address:<strong>\u00a0Igor Marin\u010d s.p., Zaplana \u2013 del 62A, 1373 Zaplana, skupaj z ra\u010dunom v originalni embala\u017ei.<\/strong><\/p><\/div><p>After prior agreement via e-mail or the phone number listed above, we can also agree on a personal pick-up.<\/p>\t\t\t\t\t\t\t\t<\/div>\n\t\t\t\t<\/div>\n\t\t\t\t<div class=\"elementor-element elementor-element-60e815d elementor-widget elementor-widget-spacer\" data-id=\"60e815d\" data-element_type=\"widget\" data-widget_type=\"spacer.default\">\n\t\t\t\t<div class=\"elementor-widget-container\">\n\t\t\t\t\t\t\t<div class=\"elementor-spacer\">\n\t\t\t<div class=\"elementor-spacer-inner\"><\/div>\n\t\t<\/div>\n\t\t\t\t\t\t<\/div>\n\t\t\t\t<\/div>\n\t\t\t\t\t<\/div>\n\t\t\t\t<\/div>\n\t\t\t\t<\/div>","protected":false},"excerpt":{"rendered":"<p>DOSTAVA IN VRA\u010cILA VRA\u010cILAVsak kupljen izdelek lahko vrnete ali zamenjate tako, da nas obvestite na email: info@styrotop.com in izdelek enostavno po\u0161ljete nazaj na sede\u017e podjetja (s primernim dopisom iz katerega je mo\u010d razbrati identiteto vra\u010ditelja) Kupec ima pravico, da v 14 dneh od prevzema blaga podjetju sporo\u010di, da odstopa od pogodbe, ne da bi mu [&hellip;]<\/p>","protected":false},"author":2,"featured_media":0,"parent":0,"menu_order":0,"comment_status":"closed","ping_status":"closed","template":"","meta":{"site-sidebar-layout":"no-sidebar","site-content-layout":"page-builder","ast-site-content-layout":"full-width-container","site-content-style":"default","site-sidebar-style":"default","ast-global-header-display":"","ast-banner-title-visibility":"","ast-main-header-display":"","ast-hfb-above-header-display":"","ast-hfb-below-header-display":"","ast-hfb-mobile-header-display":"","site-post-title":"disabled","ast-breadcrumbs-content":"","ast-featured-img":"disabled","footer-sml-layout":"","theme-transparent-header-meta":"","adv-header-id-meta":"","stick-header-meta":"","header-above-stick-meta":"","header-main-stick-meta":"","header-below-stick-meta":"","astra-migrate-meta-layouts":"set","ast-page-background-enabled":"default","ast-page-background-meta":{"desktop":{"background-color":"","background-image":"","background-repeat":"repeat","background-position":"center center","background-size":"auto","background-attachment":"scroll","background-type":"","background-media":"","overlay-type":"","overlay-color":"","overlay-opacity":"","overlay-gradient":""},"tablet":{"background-color":"","background-image":"","background-repeat":"repeat","background-position":"center center","background-size":"auto","background-attachment":"scroll","background-type":"","background-media":"","overlay-type":"","overlay-color":"","overlay-opacity":"","overlay-gradient":""},"mobile":{"background-color":"","background-image":"","background-repeat":"repeat","background-position":"center center","background-size":"auto","background-attachment":"scroll","background-type":"","background-media":"","overlay-type":"","overlay-color":"","overlay-opacity":"","overlay-gradient":""}},"ast-content-background-meta":{"desktop":{"background-color":"var(--ast-global-color-5)","background-image":"","background-repeat":"repeat","background-position":"center center","background-size":"auto","background-attachment":"scroll","background-type":"","background-media":"","overlay-type":"","overlay-color":"","overlay-opacity":"","overlay-gradient":""},"tablet":{"background-color":"var(--ast-global-color-5)","background-image":"","background-repeat":"repeat","background-position":"center center","background-size":"auto","background-attachment":"scroll","background-type":"","background-media":"","overlay-type":"","overlay-color":"","overlay-opacity":"","overlay-gradient":""},"mobile":{"background-color":"var(--ast-global-color-5)","background-image":"","background-repeat":"repeat","background-position":"center center","background-size":"auto","background-attachment":"scroll","background-type":"","background-media":"","overlay-type":"","overlay-color":"","overlay-opacity":"","overlay-gradient":""}},"iawp_total_views":98,"footnotes":""},"class_list":["post-9295","page","type-page","status-publish","hentry"],"yoast_head":"<!-- This site is optimized with the Yoast SEO plugin v25.7 - https:\/\/yoast.com\/wordpress\/plugins\/seo\/ -->\n<title>Dostava in vra\u010dila - Styrotop<\/title>\n<meta name=\"robots\" content=\"index, follow, max-snippet:-1, max-image-preview:large, max-video-preview:-1\" \/>\n<link rel=\"canonical\" href=\"https:\/\/styrotop.com\/en\/dostava-in-vracila\/\" \/>\n<meta property=\"og:locale\" content=\"en_GB\" \/>\n<meta property=\"og:type\" content=\"article\" \/>\n<meta property=\"og:title\" content=\"Dostava in vra\u010dila - Styrotop\" \/>\n<meta property=\"og:description\" content=\"DOSTAVA IN VRA\u010cILA VRA\u010cILAVsak kupljen izdelek lahko vrnete ali zamenjate tako, da nas obvestite na email: info@styrotop.com in izdelek enostavno po\u0161ljete nazaj na sede\u017e podjetja (s primernim dopisom iz katerega je mo\u010d razbrati identiteto vra\u010ditelja) Kupec ima pravico, da v 14 dneh od prevzema blaga podjetju sporo\u010di, da odstopa od pogodbe, ne da bi mu [&hellip;]\" \/>\n<meta property=\"og:url\" content=\"https:\/\/styrotop.com\/en\/dostava-in-vracila\/\" \/>\n<meta property=\"og:site_name\" content=\"Styrotop\" \/>\n<meta property=\"article:modified_time\" content=\"2024-12-15T21:44:12+00:00\" \/>\n<meta name=\"twitter:card\" content=\"summary_large_image\" \/>\n<meta name=\"twitter:label1\" content=\"Estimated reading time\" \/>\n\t<meta name=\"twitter:data1\" content=\"2 minutes\" \/>\n<script type=\"application\/ld+json\" class=\"yoast-schema-graph\">{\"@context\":\"https:\/\/schema.org\",\"@graph\":[{\"@type\":\"WebPage\",\"@id\":\"https:\/\/styrotop.com\/dostava-in-vracila\/\",\"url\":\"https:\/\/styrotop.com\/dostava-in-vracila\/\",\"name\":\"Dostava in vra\u010dila - Styrotop\",\"isPartOf\":{\"@id\":\"https:\/\/styrotop.com\/#website\"},\"datePublished\":\"2024-02-21T21:49:04+00:00\",\"dateModified\":\"2024-12-15T21:44:12+00:00\",\"breadcrumb\":{\"@id\":\"https:\/\/styrotop.com\/dostava-in-vracila\/#breadcrumb\"},\"inLanguage\":\"en-GB\",\"potentialAction\":[{\"@type\":\"ReadAction\",\"target\":[\"https:\/\/styrotop.com\/dostava-in-vracila\/\"]}]},{\"@type\":\"BreadcrumbList\",\"@id\":\"https:\/\/styrotop.com\/dostava-in-vracila\/#breadcrumb\",\"itemListElement\":[{\"@type\":\"ListItem\",\"position\":1,\"name\":\"Home\",\"item\":\"https:\/\/styrotop.com\/\"},{\"@type\":\"ListItem\",\"position\":2,\"name\":\"Dostava in vra\u010dila\"}]},{\"@type\":\"WebSite\",\"@id\":\"https:\/\/styrotop.com\/#website\",\"url\":\"https:\/\/styrotop.com\/\",\"name\":\"Styrotop\",\"description\":\"Rezalnik stiroporja in stirodurja\",\"publisher\":{\"@id\":\"https:\/\/styrotop.com\/#organization\"},\"potentialAction\":[{\"@type\":\"SearchAction\",\"target\":{\"@type\":\"EntryPoint\",\"urlTemplate\":\"https:\/\/styrotop.com\/?s={search_term_string}\"},\"query-input\":{\"@type\":\"PropertyValueSpecification\",\"valueRequired\":true,\"valueName\":\"search_term_string\"}}],\"inLanguage\":\"en-GB\"},{\"@type\":\"Organization\",\"@id\":\"https:\/\/styrotop.com\/#organization\",\"name\":\"M-produktivno, Igor Marin\u010d s.p.\",\"url\":\"https:\/\/styrotop.com\/\",\"logo\":{\"@type\":\"ImageObject\",\"inLanguage\":\"en-GB\",\"@id\":\"https:\/\/styrotop.com\/#\/schema\/logo\/image\/\",\"url\":\"https:\/\/styrotop.com\/wp-content\/uploads\/2022\/06\/styrotop-logo-black.png\",\"contentUrl\":\"https:\/\/styrotop.com\/wp-content\/uploads\/2022\/06\/styrotop-logo-black.png\",\"width\":536,\"height\":162,\"caption\":\"M-produktivno, Igor Marin\u010d s.p.\"},\"image\":{\"@id\":\"https:\/\/styrotop.com\/#\/schema\/logo\/image\/\"}}]}<\/script>\n<!-- \/ Yoast SEO plugin. -->","yoast_head_json":{"title":"Dostava in vra\u010dila - Styrotop","robots":{"index":"index","follow":"follow","max-snippet":"max-snippet:-1","max-image-preview":"max-image-preview:large","max-video-preview":"max-video-preview:-1"},"canonical":"https:\/\/styrotop.com\/en\/dostava-in-vracila\/","og_locale":"en_GB","og_type":"article","og_title":"Dostava in vra\u010dila - Styrotop","og_description":"DOSTAVA IN VRA\u010cILA VRA\u010cILAVsak kupljen izdelek lahko vrnete ali zamenjate tako, da nas obvestite na email: info@styrotop.com in izdelek enostavno po\u0161ljete nazaj na sede\u017e podjetja (s primernim dopisom iz katerega je mo\u010d razbrati identiteto vra\u010ditelja) Kupec ima pravico, da v 14 dneh od prevzema blaga podjetju sporo\u010di, da odstopa od pogodbe, ne da bi mu [&hellip;]","og_url":"https:\/\/styrotop.com\/en\/dostava-in-vracila\/","og_site_name":"Styrotop","article_modified_time":"2024-12-15T21:44:12+00:00","twitter_card":"summary_large_image","twitter_misc":{"Estimated reading time":"2 minutes"},"schema":{"@context":"https:\/\/schema.org","@graph":[{"@type":"WebPage","@id":"https:\/\/styrotop.com\/dostava-in-vracila\/","url":"https:\/\/styrotop.com\/dostava-in-vracila\/","name":"Dostava in vra\u010dila - Styrotop","isPartOf":{"@id":"https:\/\/styrotop.com\/#website"},"datePublished":"2024-02-21T21:49:04+00:00","dateModified":"2024-12-15T21:44:12+00:00","breadcrumb":{"@id":"https:\/\/styrotop.com\/dostava-in-vracila\/#breadcrumb"},"inLanguage":"en-GB","potentialAction":[{"@type":"ReadAction","target":["https:\/\/styrotop.com\/dostava-in-vracila\/"]}]},{"@type":"BreadcrumbList","@id":"https:\/\/styrotop.com\/dostava-in-vracila\/#breadcrumb","itemListElement":[{"@type":"ListItem","position":1,"name":"Home","item":"https:\/\/styrotop.com\/"},{"@type":"ListItem","position":2,"name":"Dostava in vra\u010dila"}]},{"@type":"WebSite","@id":"https:\/\/styrotop.com\/#website","url":"https:\/\/styrotop.com\/","name":"Styrotop","description":"Rezalnik stiroporja in stirodurja","publisher":{"@id":"https:\/\/styrotop.com\/#organization"},"potentialAction":[{"@type":"SearchAction","target":{"@type":"EntryPoint","urlTemplate":"https:\/\/styrotop.com\/?s={search_term_string}"},"query-input":{"@type":"PropertyValueSpecification","valueRequired":true,"valueName":"search_term_string"}}],"inLanguage":"en-GB"},{"@type":"Organization","@id":"https:\/\/styrotop.com\/#organization","name":"M-produktivno, Igor Marin\u010d s.p.","url":"https:\/\/styrotop.com\/","logo":{"@type":"ImageObject","inLanguage":"en-GB","@id":"https:\/\/styrotop.com\/#\/schema\/logo\/image\/","url":"https:\/\/styrotop.com\/wp-content\/uploads\/2022\/06\/styrotop-logo-black.png","contentUrl":"https:\/\/styrotop.com\/wp-content\/uploads\/2022\/06\/styrotop-logo-black.png","width":536,"height":162,"caption":"M-produktivno, Igor Marin\u010d s.p."},"image":{"@id":"https:\/\/styrotop.com\/#\/schema\/logo\/image\/"}}]}},"_links":{"self":[{"href":"https:\/\/styrotop.com\/en\/wp-json\/wp\/v2\/pages\/9295","targetHints":{"allow":["GET"]}}],"collection":[{"href":"https:\/\/styrotop.com\/en\/wp-json\/wp\/v2\/pages"}],"about":[{"href":"https:\/\/styrotop.com\/en\/wp-json\/wp\/v2\/types\/page"}],"author":[{"embeddable":true,"href":"https:\/\/styrotop.com\/en\/wp-json\/wp\/v2\/users\/2"}],"replies":[{"embeddable":true,"href":"https:\/\/styrotop.com\/en\/wp-json\/wp\/v2\/comments?post=9295"}],"version-history":[{"count":0,"href":"https:\/\/styrotop.com\/en\/wp-json\/wp\/v2\/pages\/9295\/revisions"}],"wp:attachment":[{"href":"https:\/\/styrotop.com\/en\/wp-json\/wp\/v2\/media?parent=9295"}],"curies":[{"name":"wp","href":"https:\/\/api.w.org\/{rel}","templated":true}]}}