{"id":9300,"date":"2024-02-21T22:51:14","date_gmt":"2024-02-21T21:51:14","guid":{"rendered":"https:\/\/styrotop.com\/?page_id=9300"},"modified":"2024-03-05T22:28:03","modified_gmt":"2024-03-05T21:28:03","slug":"nacini-placila","status":"publish","type":"page","link":"https:\/\/styrotop.com\/en\/nacini-placila\/","title":{"rendered":"Payment methods"},"content":{"rendered":"<div data-elementor-type=\"wp-page\" data-elementor-id=\"9300\" class=\"elementor elementor-9300\">\n\t\t\t\t<div class=\"elementor-element elementor-element-d0e2fef e-flex e-con-boxed e-con e-parent\" data-id=\"d0e2fef\" data-element_type=\"container\">\n\t\t\t\t\t<div class=\"e-con-inner\">\n\t\t\t\t<div class=\"elementor-element elementor-element-7a73021 elementor-widget elementor-widget-spacer\" data-id=\"7a73021\" data-element_type=\"widget\" data-widget_type=\"spacer.default\">\n\t\t\t\t<div class=\"elementor-widget-container\">\n\t\t\t\t\t\t\t<div class=\"elementor-spacer\">\n\t\t\t<div class=\"elementor-spacer-inner\"><\/div>\n\t\t<\/div>\n\t\t\t\t\t\t<\/div>\n\t\t\t\t<\/div>\n\t\t\t\t<div class=\"elementor-element elementor-element-128bcd7 elementor-widget elementor-widget-heading\" data-id=\"128bcd7\" data-element_type=\"widget\" data-widget_type=\"heading.default\">\n\t\t\t\t<div class=\"elementor-widget-container\">\n\t\t\t\t\t<h2 class=\"elementor-heading-title elementor-size-default\">PAYMENT METHODS<\/h2>\t\t\t\t<\/div>\n\t\t\t\t<\/div>\n\t\t\t\t<div class=\"elementor-element elementor-element-69f88e0 elementor-widget elementor-widget-text-editor\" data-id=\"69f88e0\" data-element_type=\"widget\" data-widget_type=\"text-editor.default\">\n\t\t\t\t<div class=\"elementor-widget-container\">\n\t\t\t\t\t\t\t\t\t<div class=\"elementor-element elementor-element-88f1bc9 elementor-widget elementor-widget-heading\" data-id=\"88f1bc9\" data-element_type=\"widget\" data-widget_type=\"heading.default\">\n<div class=\"elementor-widget-container\">\n<h4 class=\"elementor-heading-title elementor-size-default\">Direct Bank transfer<\/h4>\n<\/div>\n<\/div>\n<div class=\"elementor-element elementor-element-6e8fc33 elementor-widget elementor-widget-text-editor\" data-id=\"6e8fc33\" data-element_type=\"widget\" data-widget_type=\"text-editor.default\">\n<div class=\"elementor-widget-container\">\n<div class=\"entry-content\">\n<p>Details for direct bank transfer will be sent via email provided in checkout process. Use order ID as reference for bank payment. Order wont be sent until we receive full order payment. We make reservation of product for 48 hours after order is successfully placed. If payment wont be completed in 48 hours, product will go back on stock.<\/p>\n<p><\/p>\n<\/div>\n<\/div>\n<\/div>\n<div class=\"elementor-element elementor-element-7d1b9a5 elementor-widget elementor-widget-heading\" data-id=\"7d1b9a5\" data-element_type=\"widget\" data-widget_type=\"heading.default\">\n<div class=\"elementor-widget-container\">\n<h4 class=\"elementor-heading-title elementor-size-default\">Cash on delivery<\/h4>\n<\/div>\n<\/div>\n<div class=\"elementor-element elementor-element-6983a0b elementor-widget elementor-widget-text-editor\" data-id=\"6983a0b\" data-element_type=\"widget\" data-widget_type=\"text-editor.default\">\n<div class=\"elementor-widget-container\">\n<div class=\"entry-content\">\n<p>Make a payment to the courier upon delivery of the package to your address.<\/p>\n<p><\/p>\n<\/div>\n<\/div>\n<\/div>\n<div class=\"elementor-element elementor-element-6dd1ad4 elementor-widget elementor-widget-heading\" data-id=\"6dd1ad4\" data-element_type=\"widget\" data-widget_type=\"heading.default\">\n<div class=\"elementor-widget-container\">\n<h4 class=\"elementor-heading-title elementor-size-default\">Paypal<\/h4>\n<\/div>\n<\/div>\n<div class=\"elementor-element elementor-element-866eb0d elementor-widget elementor-widget-text-editor\" data-id=\"866eb0d\" data-element_type=\"widget\" data-widget_type=\"text-editor.default\">\n<div class=\"elementor-widget-container\">\n<div>\n<p>PayPal offers customers three ways to purchase our products. When you click the \"PayPal Checkout\" button, you will be redirected to log in (or create an account for) PayPal. Then you will have the option to 1) pay via existing balance in your PayPal account, 2) pay with your credit card within the PayPal login area, or 3) pay with PayPal's financial service, \"Pay Later.\"<\/p>\n<p>PayPal automatically encrypts confidential information during transmission from your computer to their server using Secure Sockets Layer (SSL) protocol with a 128-bit encryption key length (the highest level commercially available). Before you register or log in to the PayPal website, PayPal's server verifies that you are using an approved browser \u2013 one that uses SSL 3.0 or newer.<\/p>\n<\/div>\n<\/div>\n<\/div>\t\t\t\t\t\t\t\t<\/div>\n\t\t\t\t<\/div>\n\t\t\t\t<div class=\"elementor-element elementor-element-fc1956c elementor-widget elementor-widget-spacer\" data-id=\"fc1956c\" data-element_type=\"widget\" data-widget_type=\"spacer.default\">\n\t\t\t\t<div class=\"elementor-widget-container\">\n\t\t\t\t\t\t\t<div class=\"elementor-spacer\">\n\t\t\t<div class=\"elementor-spacer-inner\"><\/div>\n\t\t<\/div>\n\t\t\t\t\t\t<\/div>\n\t\t\t\t<\/div>\n\t\t\t\t\t<\/div>\n\t\t\t\t<\/div>\n\t\t\t\t<\/div>","protected":false},"excerpt":{"rendered":"<p>NA\u010cINI PLA\u010cILA Nakazilo na TRR Podatke za nakazilo boste prejeli na va\u0161 e-po\u0161tni naslov, po oddanem naro\u010dilu. Kot referenco vnesite ID naro\u010dila. Naro\u010dilo ne bo odposlano, dokler ne prejmemo pla\u010dila na na\u0161 ban\u010dni ra\u010dun. Izdelke bomo rezervirali za najve\u010d 48ur od prejetega naro\u010dila. V kolikor v tem \u010dasu ne prejmemo pla\u010dila, gre izdelek nazaj na [&hellip;]<\/p>","protected":false},"author":2,"featured_media":0,"parent":0,"menu_order":0,"comment_status":"closed","ping_status":"closed","template":"","meta":{"site-sidebar-layout":"no-sidebar","site-content-layout":"page-builder","ast-site-content-layout":"full-width-container","site-content-style":"default","site-sidebar-style":"default","ast-global-header-display":"","ast-banner-title-visibility":"","ast-main-header-display":"","ast-hfb-above-header-display":"","ast-hfb-below-header-display":"","ast-hfb-mobile-header-display":"","site-post-title":"disabled","ast-breadcrumbs-content":"","ast-featured-img":"disabled","footer-sml-layout":"","theme-transparent-header-meta":"","adv-header-id-meta":"","stick-header-meta":"","header-above-stick-meta":"","header-main-stick-meta":"","header-below-stick-meta":"","astra-migrate-meta-layouts":"set","ast-page-background-enabled":"default","ast-page-background-meta":{"desktop":{"background-color":"","background-image":"","background-repeat":"repeat","background-position":"center center","background-size":"auto","background-attachment":"scroll","background-type":"","background-media":"","overlay-type":"","overlay-color":"","overlay-opacity":"","overlay-gradient":""},"tablet":{"background-color":"","background-image":"","background-repeat":"repeat","background-position":"center center","background-size":"auto","background-attachment":"scroll","background-type":"","background-media":"","overlay-type":"","overlay-color":"","overlay-opacity":"","overlay-gradient":""},"mobile":{"background-color":"","background-image":"","background-repeat":"repeat","background-position":"center center","background-size":"auto","background-attachment":"scroll","background-type":"","background-media":"","overlay-type":"","overlay-color":"","overlay-opacity":"","overlay-gradient":""}},"ast-content-background-meta":{"desktop":{"background-color":"var(--ast-global-color-5)","background-image":"","background-repeat":"repeat","background-position":"center center","background-size":"auto","background-attachment":"scroll","background-type":"","background-media":"","overlay-type":"","overlay-color":"","overlay-opacity":"","overlay-gradient":""},"tablet":{"background-color":"var(--ast-global-color-5)","background-image":"","background-repeat":"repeat","background-position":"center center","background-size":"auto","background-attachment":"scroll","background-type":"","background-media":"","overlay-type":"","overlay-color":"","overlay-opacity":"","overlay-gradient":""},"mobile":{"background-color":"var(--ast-global-color-5)","background-image":"","background-repeat":"repeat","background-position":"center center","background-size":"auto","background-attachment":"scroll","background-type":"","background-media":"","overlay-type":"","overlay-color":"","overlay-opacity":"","overlay-gradient":""}},"iawp_total_views":96,"footnotes":""},"class_list":["post-9300","page","type-page","status-publish","hentry"],"yoast_head":"<!-- This site is optimized with the Yoast SEO plugin v25.7 - https:\/\/yoast.com\/wordpress\/plugins\/seo\/ -->\n<title>Na\u010dini pla\u010dila - Styrotop<\/title>\n<meta name=\"robots\" content=\"index, follow, max-snippet:-1, max-image-preview:large, max-video-preview:-1\" \/>\n<link rel=\"canonical\" href=\"https:\/\/styrotop.com\/en\/nacini-placila\/\" \/>\n<meta property=\"og:locale\" content=\"en_GB\" \/>\n<meta property=\"og:type\" content=\"article\" \/>\n<meta property=\"og:title\" content=\"Na\u010dini pla\u010dila - Styrotop\" \/>\n<meta property=\"og:description\" content=\"NA\u010cINI PLA\u010cILA Nakazilo na TRR Podatke za nakazilo boste prejeli na va\u0161 e-po\u0161tni naslov, po oddanem naro\u010dilu. Kot referenco vnesite ID naro\u010dila. Naro\u010dilo ne bo odposlano, dokler ne prejmemo pla\u010dila na na\u0161 ban\u010dni ra\u010dun. Izdelke bomo rezervirali za najve\u010d 48ur od prejetega naro\u010dila. V kolikor v tem \u010dasu ne prejmemo pla\u010dila, gre izdelek nazaj na [&hellip;]\" \/>\n<meta property=\"og:url\" content=\"https:\/\/styrotop.com\/en\/nacini-placila\/\" \/>\n<meta property=\"og:site_name\" content=\"Styrotop\" \/>\n<meta property=\"article:modified_time\" content=\"2024-03-05T21:28:03+00:00\" \/>\n<meta name=\"twitter:card\" content=\"summary_large_image\" \/>\n<meta name=\"twitter:label1\" content=\"Estimated reading time\" \/>\n\t<meta name=\"twitter:data1\" content=\"1 minute\" \/>\n<script type=\"application\/ld+json\" class=\"yoast-schema-graph\">{\"@context\":\"https:\/\/schema.org\",\"@graph\":[{\"@type\":\"WebPage\",\"@id\":\"https:\/\/styrotop.com\/nacini-placila\/\",\"url\":\"https:\/\/styrotop.com\/nacini-placila\/\",\"name\":\"Na\u010dini pla\u010dila - Styrotop\",\"isPartOf\":{\"@id\":\"https:\/\/styrotop.com\/#website\"},\"datePublished\":\"2024-02-21T21:51:14+00:00\",\"dateModified\":\"2024-03-05T21:28:03+00:00\",\"breadcrumb\":{\"@id\":\"https:\/\/styrotop.com\/nacini-placila\/#breadcrumb\"},\"inLanguage\":\"en-GB\",\"potentialAction\":[{\"@type\":\"ReadAction\",\"target\":[\"https:\/\/styrotop.com\/nacini-placila\/\"]}]},{\"@type\":\"BreadcrumbList\",\"@id\":\"https:\/\/styrotop.com\/nacini-placila\/#breadcrumb\",\"itemListElement\":[{\"@type\":\"ListItem\",\"position\":1,\"name\":\"Home\",\"item\":\"https:\/\/styrotop.com\/\"},{\"@type\":\"ListItem\",\"position\":2,\"name\":\"Na\u010dini pla\u010dila\"}]},{\"@type\":\"WebSite\",\"@id\":\"https:\/\/styrotop.com\/#website\",\"url\":\"https:\/\/styrotop.com\/\",\"name\":\"Styrotop\",\"description\":\"Rezalnik stiroporja in stirodurja\",\"publisher\":{\"@id\":\"https:\/\/styrotop.com\/#organization\"},\"potentialAction\":[{\"@type\":\"SearchAction\",\"target\":{\"@type\":\"EntryPoint\",\"urlTemplate\":\"https:\/\/styrotop.com\/?s={search_term_string}\"},\"query-input\":{\"@type\":\"PropertyValueSpecification\",\"valueRequired\":true,\"valueName\":\"search_term_string\"}}],\"inLanguage\":\"en-GB\"},{\"@type\":\"Organization\",\"@id\":\"https:\/\/styrotop.com\/#organization\",\"name\":\"M-produktivno, Igor Marin\u010d s.p.\",\"url\":\"https:\/\/styrotop.com\/\",\"logo\":{\"@type\":\"ImageObject\",\"inLanguage\":\"en-GB\",\"@id\":\"https:\/\/styrotop.com\/#\/schema\/logo\/image\/\",\"url\":\"https:\/\/styrotop.com\/wp-content\/uploads\/2022\/06\/styrotop-logo-black.png\",\"contentUrl\":\"https:\/\/styrotop.com\/wp-content\/uploads\/2022\/06\/styrotop-logo-black.png\",\"width\":536,\"height\":162,\"caption\":\"M-produktivno, Igor Marin\u010d s.p.\"},\"image\":{\"@id\":\"https:\/\/styrotop.com\/#\/schema\/logo\/image\/\"}}]}<\/script>\n<!-- \/ Yoast SEO plugin. -->","yoast_head_json":{"title":"Na\u010dini pla\u010dila - Styrotop","robots":{"index":"index","follow":"follow","max-snippet":"max-snippet:-1","max-image-preview":"max-image-preview:large","max-video-preview":"max-video-preview:-1"},"canonical":"https:\/\/styrotop.com\/en\/nacini-placila\/","og_locale":"en_GB","og_type":"article","og_title":"Na\u010dini pla\u010dila - Styrotop","og_description":"NA\u010cINI PLA\u010cILA Nakazilo na TRR Podatke za nakazilo boste prejeli na va\u0161 e-po\u0161tni naslov, po oddanem naro\u010dilu. Kot referenco vnesite ID naro\u010dila. Naro\u010dilo ne bo odposlano, dokler ne prejmemo pla\u010dila na na\u0161 ban\u010dni ra\u010dun. Izdelke bomo rezervirali za najve\u010d 48ur od prejetega naro\u010dila. V kolikor v tem \u010dasu ne prejmemo pla\u010dila, gre izdelek nazaj na [&hellip;]","og_url":"https:\/\/styrotop.com\/en\/nacini-placila\/","og_site_name":"Styrotop","article_modified_time":"2024-03-05T21:28:03+00:00","twitter_card":"summary_large_image","twitter_misc":{"Estimated reading time":"1 minute"},"schema":{"@context":"https:\/\/schema.org","@graph":[{"@type":"WebPage","@id":"https:\/\/styrotop.com\/nacini-placila\/","url":"https:\/\/styrotop.com\/nacini-placila\/","name":"Na\u010dini pla\u010dila - Styrotop","isPartOf":{"@id":"https:\/\/styrotop.com\/#website"},"datePublished":"2024-02-21T21:51:14+00:00","dateModified":"2024-03-05T21:28:03+00:00","breadcrumb":{"@id":"https:\/\/styrotop.com\/nacini-placila\/#breadcrumb"},"inLanguage":"en-GB","potentialAction":[{"@type":"ReadAction","target":["https:\/\/styrotop.com\/nacini-placila\/"]}]},{"@type":"BreadcrumbList","@id":"https:\/\/styrotop.com\/nacini-placila\/#breadcrumb","itemListElement":[{"@type":"ListItem","position":1,"name":"Home","item":"https:\/\/styrotop.com\/"},{"@type":"ListItem","position":2,"name":"Na\u010dini pla\u010dila"}]},{"@type":"WebSite","@id":"https:\/\/styrotop.com\/#website","url":"https:\/\/styrotop.com\/","name":"Styrotop","description":"Rezalnik stiroporja in stirodurja","publisher":{"@id":"https:\/\/styrotop.com\/#organization"},"potentialAction":[{"@type":"SearchAction","target":{"@type":"EntryPoint","urlTemplate":"https:\/\/styrotop.com\/?s={search_term_string}"},"query-input":{"@type":"PropertyValueSpecification","valueRequired":true,"valueName":"search_term_string"}}],"inLanguage":"en-GB"},{"@type":"Organization","@id":"https:\/\/styrotop.com\/#organization","name":"M-produktivno, Igor Marin\u010d s.p.","url":"https:\/\/styrotop.com\/","logo":{"@type":"ImageObject","inLanguage":"en-GB","@id":"https:\/\/styrotop.com\/#\/schema\/logo\/image\/","url":"https:\/\/styrotop.com\/wp-content\/uploads\/2022\/06\/styrotop-logo-black.png","contentUrl":"https:\/\/styrotop.com\/wp-content\/uploads\/2022\/06\/styrotop-logo-black.png","width":536,"height":162,"caption":"M-produktivno, Igor Marin\u010d s.p."},"image":{"@id":"https:\/\/styrotop.com\/#\/schema\/logo\/image\/"}}]}},"_links":{"self":[{"href":"https:\/\/styrotop.com\/en\/wp-json\/wp\/v2\/pages\/9300","targetHints":{"allow":["GET"]}}],"collection":[{"href":"https:\/\/styrotop.com\/en\/wp-json\/wp\/v2\/pages"}],"about":[{"href":"https:\/\/styrotop.com\/en\/wp-json\/wp\/v2\/types\/page"}],"author":[{"embeddable":true,"href":"https:\/\/styrotop.com\/en\/wp-json\/wp\/v2\/users\/2"}],"replies":[{"embeddable":true,"href":"https:\/\/styrotop.com\/en\/wp-json\/wp\/v2\/comments?post=9300"}],"version-history":[{"count":0,"href":"https:\/\/styrotop.com\/en\/wp-json\/wp\/v2\/pages\/9300\/revisions"}],"wp:attachment":[{"href":"https:\/\/styrotop.com\/en\/wp-json\/wp\/v2\/media?parent=9300"}],"curies":[{"name":"wp","href":"https:\/\/api.w.org\/{rel}","templated":true}]}}